{"id":3464,"date":"2024-10-15T08:43:51","date_gmt":"2024-10-15T08:43:51","guid":{"rendered":"https:\/\/einnalab.hu\/?post_type=product&#038;p=3464"},"modified":"2025-12-19T10:42:50","modified_gmt":"2025-12-19T10:42:50","slug":"deer-force-csomag-nad-etrendkiegeszito","status":"publish","type":"product","link":"https:\/\/einnalab.hu\/sk\/produkt\/deer-force-csomag-nad-etrendkiegeszito\/","title":{"rendered":"Bal\u00ed\u010dek Deer Force"},"content":{"rendered":"<h4>Deer Force Vital Life<\/h4>\n<p>Pr\u00edpravok Deer Force Vital Life obsahuje vybran\u00e9 vitam\u00edny a miner\u00e1ly, ktor\u00e9 prispievaj\u00fa k norm\u00e1lnej \u010dinnosti imunitn\u00e9ho syst\u00e9mu (vitam\u00edn C, vitam\u00edn D3, zinok, sel\u00e9n, \u017eelezo), k ochrane buniek pred oxida\u010dn\u00fdm stresom (vitam\u00edn E, vitam\u00edn C, sel\u00e9n, zinok, mang\u00e1n) a k norm\u00e1lnym metabolick\u00fdm procesom s\u00favisiacim s tvorbou energie (vitam\u00edny B1, B2, B3, B5, B6, biot\u00edn, vitam\u00edn C, \u017eelezo, j\u00f3d, mang\u00e1n).<\/p>\n<p>Produkt podporuje norm\u00e1lnu du\u0161evn\u00fa \u010dinnos\u0165 (zinok, vitam\u00edn B5), udr\u017eiavanie zdrav\u00e9ho stavu poko\u017eky, vlasov a nechtov (zinok, biot\u00edn, sel\u00e9n) a zachovanie norm\u00e1lneho zraku (vitam\u00edn A, riboflav\u00edn).<br \/>\nObsahuje tie\u017e chol\u00edn, myo-inositol a PABA, \u017eiviny, ktor\u00e9 podporuj\u00fa prirodzen\u00e9 fungovanie buniek.<\/p>\n<h5>\u017diviny, ktor\u00e9 obsahuje, m\u00f4\u017eu podporova\u0165 fungovanie organizmu nasleduj\u00facimi sp\u00f4sobmi:<\/h5>\n<p><strong>Vitamin C<\/strong><br \/>\nPrispieva k norm\u00e1lnej \u010dinnosti imunitn\u00e9ho syst\u00e9mu, k ochrane buniek pred oxida\u010dn\u00fdm stresom a k zn\u00ed\u017eeniu \u00fanavy a vy\u010derpania.<\/p>\n<p><strong>Zinok<\/strong><br \/>\nPrispieva k norm\u00e1lnej \u010dinnosti imunitn\u00e9ho syst\u00e9mu, k udr\u017eiavaniu norm\u00e1lnej du\u0161evnej \u010dinnosti a k udr\u017eiavaniu norm\u00e1lneho stavu poko\u017eky, vlasov a nechtov.<\/p>\n<p><strong>Vitamin E<\/strong><br \/>\nPrispieva k ochrane buniek pred oxida\u010dn\u00fdm stresom.<\/p>\n<p><strong>Sel\u00e9n<\/strong><br \/>\nPrispieva k norm\u00e1lnej \u010dinnosti imunitn\u00e9ho syst\u00e9mu, k udr\u017eiavaniu norm\u00e1lneho stavu vlasov a nechtov a k ochrane buniek pred oxida\u010dn\u00fdm stresom.<\/p>\n<p><strong>\u017delezo <\/strong><br \/>\nPrispieva k norm\u00e1lnemu transportu kysl\u00edka v tele, k zn\u00ed\u017eeniu \u00fanavy a vy\u010derpania a k norm\u00e1lnej \u010dinnosti imunitn\u00e9ho syst\u00e9mu.<\/p>\n<p><strong>Vitamin B5<\/strong><br \/>\nPrispieva k norm\u00e1lnemu du\u0161evn\u00e9mu v\u00fdkonu a k norm\u00e1lnym metabolick\u00fdm procesom s\u00favisiacim s tvorbou energie a pom\u00e1ha zni\u017eova\u0165 \u00fanavu a vy\u010derpanie.<\/p>\n<p><strong>Vitamin D3<\/strong><br \/>\nPrispieva k norm\u00e1lnej \u010dinnosti imunitn\u00e9ho syst\u00e9mu, k udr\u017eiavaniu norm\u00e1lnej svalovej funkcie a k zachovaniu norm\u00e1lneho stavu kost\u00ed.<\/p>\n<p><strong>Vitamin B1<\/strong><br \/>\nPrispieva k norm\u00e1lnej \u010dinnosti srdca, k norm\u00e1lnym metabolick\u00fdm procesom s\u00favisiacim s tvorbou energie a k norm\u00e1lnej \u010dinnosti nervov\u00e9ho syst\u00e9mu.<\/p>\n<p><strong>Vitamin B2<\/strong><br \/>\nPrispieva k norm\u00e1lnym metabolick\u00fdm procesom s\u00favisiacim s tvorbou energie, k zn\u00ed\u017eeniu \u00fanavy a vy\u010derpania a k udr\u017eiavaniu norm\u00e1lneho stavu poko\u017eky a zraku.<\/p>\n<p><strong>Mang\u00e1n<\/strong><br \/>\nPrispieva k norm\u00e1lnym metabolick\u00fdm procesom s\u00favisiacim s tvorbou energie a k ochrane buniek pred oxida\u010dn\u00fdm stresom.<\/p>\n<p><strong>Vitamin B6<\/strong><br \/>\nPrispieva k norm\u00e1lnej \u010dinnosti imunitn\u00e9ho syst\u00e9mu, k norm\u00e1lnej tvorbe \u010derven\u00fdch krviniek a k regul\u00e1cii hormon\u00e1lnej aktivity.<\/p>\n<p><strong>Vitamin B3<\/strong><br \/>\nPrispieva k norm\u00e1lnym metabolick\u00fdm procesom s\u00favisiacim s tvorbou energie, k udr\u017eiavaniu norm\u00e1lnej psychologickej funkcie a k udr\u017eiavaniu norm\u00e1lneho stavu poko\u017eky a slizn\u00edc.<\/p>\n<p><strong>Me\u010f<\/strong><br \/>\nPrispieva k norm\u00e1lnemu transportu \u017eeleza v tele, k norm\u00e1lnej \u010dinnosti nervov\u00e9ho syst\u00e9mu a k ochrane buniek pred oxida\u010dn\u00fdm stresom.<\/p>\n<p><strong>J\u00f3d<\/strong><br \/>\nPrispieva k norm\u00e1lnej funkcii \u0161t\u00edtnej \u017e\u013eazy, k norm\u00e1lnym metabolick\u00fdm procesom s\u00favisiacim s tvorbou energie a k norm\u00e1lnej \u010dinnosti nervov\u00e9ho syst\u00e9mu.<\/p>\n<p><strong>Chr\u00f3m<br \/>\n<\/strong>Prispieva k udr\u017eiavaniu norm\u00e1lnej hladiny gluk\u00f3zy v krvi a norm\u00e1lneho metabolizmu makro\u017eiv\u00edn.<\/p>\n<p><strong>Biot\u00edn<\/strong><br \/>\nPrispieva k udr\u017eiavaniu norm\u00e1lneho stavu vlasov, poko\u017eky a slizn\u00edc a k norm\u00e1lnym metabolick\u00fdm procesom s\u00favisiacim s tvorbou energie.<\/p>\n<p><strong>Vitamin K<\/strong><br \/>\nPrispieva k norm\u00e1lnej zr\u00e1\u017eanlivosti krvi a k udr\u017eiavaniu norm\u00e1lneho stavu kost\u00ed.<\/p>\n<p><strong>Chol\u00edn-bitartr\u00e1t<\/strong><br \/>\nPrispieva k udr\u017eiavaniu norm\u00e1lnej funkcie pe\u010dene a norm\u00e1lneho lipidov\u00e9ho metabolizmu.<\/p>\n<p><strong>B\u00e9ta-karotin<\/strong><br \/>\nPredchodca vitam\u00ednu A. Vitam\u00edn A prispieva k udr\u017eiavaniu norm\u00e1lneho zraku, k norm\u00e1lnej \u010dinnosti imunitn\u00e9ho syst\u00e9mu a k udr\u017eiavaniu norm\u00e1lneho stavu poko\u017eky.<\/p>\n<p>&nbsp;<\/p>\n<h4>Deer Force NAD\u00a0+ Cell<\/h4>\n<p>Pr\u00edpravok Deer Force NAD+ Cell je bohat\u00fd na antioxidanty a d\u00f4le\u017eit\u00e9 komponenty podporuj\u00face bunky, \u010d\u00edm prispieva k ka\u017edodennej pohode. Vybran\u00e9 zlo\u017eky, ako hov\u00e4dz\u00ed kolag\u00e9n, L-glutam\u00edn, extrakt z astragalusu, extrakt z hroznov\u00fdch \u0161upiek a kvercet\u00edn, podporuj\u00fa prirodzen\u00fa rovnov\u00e1hu organizmu.<\/p>\n<h5>\u017diviny, ktor\u00e9 obsahuje, m\u00f4\u017eu podporova\u0165 fungovanie organizmu nasleduj\u00facimi sp\u00f4sobmi:<\/h5>\n<p><strong>Szarvasmarha kollag\u00e9n:<\/strong><br \/>\nA kollag\u00e9n a szervezet egyik legfontosabb feh\u00e9rj\u00e9je, amely sz\u00e1mos sz\u00f6vet, p\u00e9ld\u00e1ul a b\u0151r, az \u00edz\u00fcletek \u00e9s az inak term\u00e9szetes alkot\u00f3eleme.<\/p>\n<p><strong>L-glutamin:<\/strong><br \/>\nAz L-glutamin egy aminosav, amely fontos szerepet j\u00e1tszik az izmok regener\u00e1ci\u00f3j\u00e1ban \u00e9s az \u00e1ltal\u00e1nos sejtm\u0171k\u00f6d\u00e9s t\u00e1mogat\u00e1s\u00e1ban.<\/p>\n<p><strong>Astragalus kivonat (cs\u00fcdf\u0171):<\/strong><br \/>\nA hagyom\u00e1nyos \u00e1zsiai gy\u00f3gy\u00e1szatban nagyra \u00e9rt\u00e9kelt n\u00f6v\u00e9ny, amelyet az \u00e1ltal\u00e1nos vitalit\u00e1s \u00e9s a szervezet term\u00e9szetes v\u00e9dekez\u0151k\u00e9pess\u00e9g\u00e9nek t\u00e1mogat\u00e1s\u00e1ra haszn\u00e1ltak.<\/p>\n<p><strong>Foszfolipidek:<\/strong><br \/>\nA foszfolipidek a sejth\u00e1rtya alapvet\u0151 alkot\u00f3r\u00e9szei, hozz\u00e1j\u00e1rulnak a sejtek norm\u00e1l szerkezet\u00e9nek fenntart\u00e1s\u00e1hoz.<\/p>\n<p><strong>Nikotinamid-ribozid (NR):<\/strong><br \/>\nA nikotinamid-ribozid a B3-vitamin egy k\u00fcl\u00f6nleges form\u00e1ja, amely a sejtek energiametabolizmus\u00e1hoz sz\u00fcks\u00e9ges NAD+ szint\u00e9zis\u00e9ben vesz r\u00e9szt.<\/p>\n<p><strong>Sz\u0151l\u0151h\u00e9j kivonat:<\/strong><br \/>\nTerm\u00e9szetes polifenolforr\u00e1s, amely hozz\u00e1j\u00e1rulhat a sejtek oxidat\u00edv stresszel szembeni v\u00e9delm\u00e9hez.<\/p>\n<p><strong>Alfa-liponsav:<\/strong><br \/>\nAz alfa-liponsav egy univerz\u00e1lis antioxid\u00e1nsk\u00e9nt ismert vegy\u00fclet, amely seg\u00edti a sejtek oxidat\u00edv egyens\u00faly\u00e1nak fenntart\u00e1s\u00e1t.<\/p>\n<p><strong>Kvercetin:<\/strong><br \/>\nA kvercetin egy n\u00f6v\u00e9nyi flavonoid, amely antioxid\u00e1ns tulajdons\u00e1gair\u00f3l ismert.<\/p>\n<p>&nbsp;<\/p>\n<h4>Deer Force Energetic<\/h4>\n<p>Pr\u00edpravok Deer Force Energetic obsahuje vybran\u00e9 rastlinn\u00e9 extrakty, aminokyseliny a antioxidanty, ktor\u00e9 podporuj\u00fa prirodzen\u00fa \u010dinnos\u0165 buniek a prispievaj\u00fa k udr\u017eiavaniu vitality organizmu.<br \/>\nSpirulina a chlorella s\u00fa zn\u00e1me svoj\u00edm prirodzen\u00fdm obsahom \u017eiv\u00edn, zatia\u013e \u010do cvikla, kurkuma a z\u00e1zvor s\u00fa pova\u017eovan\u00e9 za farebn\u00e9 zlo\u017eky tradi\u010dnej stravy.<br \/>\nAminokyseliny L-karnit\u00edn, L-argin\u00edn, L-lyz\u00edn a L-prol\u00edn, ako aj NAC a koenz\u00fdm Q10 s\u00fa molekuly podporuj\u00face metabolizmus buniek a m\u00f4\u017eu zohr\u00e1va\u0165 \u00falohu pri udr\u017eiavan\u00ed dennej \u00farovne energie.<\/p>\n<h5>\u017diviny, ktor\u00e9 obsahuje, m\u00f4\u017eu podporova\u0165 fungovanie organizmu nasleduj\u00facimi sp\u00f4sobmi:<\/h5>\n<p><strong>Spirulina alga<\/strong><br \/>\nA spirulina alga term\u00e9szetes forr\u00e1sa \u00e9rt\u00e9kes t\u00e1panyagoknak, t\u00f6bbek k\u00f6z\u00f6tt feh\u00e9rj\u00e9knek, vitaminoknak \u00e9s \u00e1sv\u00e1nyi anyagoknak, amelyek hozz\u00e1j\u00e1rulnak a kiegyens\u00falyozott \u00e9trend kieg\u00e9sz\u00edt\u00e9s\u00e9hez.<\/p>\n<p><strong>L-karnitin<\/strong><br \/>\nAz L-karnitin egy term\u00e9szetesen el\u0151fordul\u00f3 aminosav-sz\u00e1rmaz\u00e9k, amely r\u00e9szt vesz a zs\u00edrsavak energi\u00e1v\u00e1 alak\u00edt\u00e1s\u00e1nak folyamat\u00e1ban a szervezetben.<\/p>\n<p><strong>L-arginin<\/strong><br \/>\nAz L-arginin egy aminosav, amely a feh\u00e9rjeszint\u00e9zis term\u00e9szetes folyamat\u00e1ban j\u00e1tszik szerepet, \u00e9s a szervezet \u00e1ltal\u00e1nos anyagcsere-folyamataihoz j\u00e1rul hozz\u00e1.<\/p>\n<p><strong>L-lizin<\/strong><br \/>\nAz L-lizin egy esszenci\u00e1lis aminosav, amely sz\u00fcks\u00e9ges a szervezet saj\u00e1t feh\u00e9rjetermel\u00e9s\u00e9hez \u00e9s az eg\u00e9szs\u00e9ges sz\u00f6vetek fenntart\u00e1s\u00e1hoz.<\/p>\n<p><strong>NAC (N-acetilcisztein)<\/strong><br \/>\nAz NAC a cisztein aminosav stabiliz\u00e1lt form\u00e1ja, amely antioxid\u00e1ns tulajdons\u00e1gair\u00f3l ismert, \u00e9s t\u00e1mogatja a szervezet oxidat\u00edv egyens\u00faly\u00e1nak fenntart\u00e1s\u00e1t.<\/p>\n<p><strong>Chlorella alga<\/strong><br \/>\nA chlorella egy t\u00e1panyagokban gazdag mikroalga, amely hagyom\u00e1nyosan a kiegyens\u00falyozott \u00e9trend r\u00e9szek\u00e9nt ismert.<\/p>\n<p><strong>C\u00e9kla kivonat<\/strong><br \/>\nA c\u00e9kla term\u00e9szetes antioxid\u00e1nsokat \u00e9s n\u00f6v\u00e9nyi pigmenteket tartalmaz, \u00e9s a kiegyens\u00falyozott t\u00e1pl\u00e1lkoz\u00e1s sz\u00ednes \u00f6sszetev\u0151jek\u00e9nt ismert.<\/p>\n<p><strong>Kurkuma<\/strong><br \/>\nA kurkuma \u00c1zsi\u00e1ban hagyom\u00e1nyosan haszn\u00e1lt f\u0171szern\u00f6v\u00e9ny, amely antioxid\u00e1ns tulajdons\u00e1gair\u00f3l ismert, \u00e9s hozz\u00e1j\u00e1rulhat a szervezet term\u00e9szetes v\u00e9delmi rendszer\u00e9nek t\u00e1mogat\u00e1s\u00e1hoz.<\/p>\n<p><strong>Gy\u00f6mb\u00e9r<\/strong><br \/>\nA gy\u00f6mb\u00e9r \u00e9vezredek \u00f3ta ismert f\u0171szern\u00f6v\u00e9ny, amely a hagyom\u00e1nyos \u00e9trendek kedvelt \u00f6sszetev\u0151je, friss\u00edt\u0151 \u00e9s serkent\u0151 tulajdons\u00e1gai miatt.<\/p>\n<p><strong>L-prolin<\/strong><br \/>\nAz L-prolin egy nem esszenci\u00e1lis aminosav, amely a szervezet saj\u00e1t feh\u00e9rje- \u00e9s k\u00f6t\u0151sz\u00f6vet-k\u00e9pz\u0151 folyamataiban vesz r\u00e9szt.<\/p>\n<p><strong>Q10 koenzim<\/strong><br \/>\nA Q10 koenzim term\u00e9szetesen jelen van a szervezetben, \u00e9s szerepet j\u00e1tszik az energiatermel\u0151 folyamatokban, k\u00fcl\u00f6n\u00f6sen a sejtek energiaell\u00e1t\u00e1s\u00e1ban.<\/p>","protected":false},"excerpt":{"rendered":"<p>\u0160kodliv\u00e9 vplyvy prostredia, ako je zne\u010distenie ovzdu\u0161ia a nespr\u00e1vna v\u00fd\u017eiva, m\u00f4\u017eu zv\u00fd\u0161i\u0165 tvorbu vo\u013en\u00fdch radik\u00e1lov v organizme.<\/p>\n<p>Antioxidanty prij\u00edman\u00e9 prostredn\u00edctvom stravy alebo doplnkov v\u00fd\u017eivy m\u00f4\u017eu prispie\u0165 k podpore obrany organizmu proti vo\u013en\u00fdm radik\u00e1lom.<\/p>\n<p>Antioxidanty pom\u00e1haj\u00fa neutralizova\u0165 vo\u013en\u00e9 radik\u00e1ly, \u010d\u00edm podporuj\u00fa udr\u017eiavanie oxida\u010dnej rovnov\u00e1hy v bunk\u00e1ch.<\/p>\n<p>Bal\u00ed\u010dek v\u00fd\u017eivov\u00e9ho doplnku Deer Force obsahuje vybran\u00e9 zlo\u017eky, ktor\u00e9 harmonicky podporuj\u00fa prirodzen\u00fa \u010dinnos\u0165 buniek a prispievaj\u00fa k udr\u017eiavaniu vitality.<\/p>","protected":false},"featured_media":3466,"comment_status":"open","ping_status":"closed","template":"","meta":{"om_disable_all_campaigns":false,"_monsterinsights_skip_tracking":false,"_monsterinsights_sitenote_active":false,"_monsterinsights_sitenote_note":"","_monsterinsights_sitenote_category":0,"site-sidebar-layout":"default","site-content-layout":"","ast-site-content-layout":"default","site-content-style":"default","site-sidebar-style":"default","ast-global-header-display":"","ast-banner-title-visibility":"","ast-main-header-display":"","ast-hfb-above-header-display":"","ast-hfb-below-header-display":"","ast-hfb-mobile-header-display":"","site-post-title":"","ast-breadcrumbs-content":"","ast-featured-img":"","footer-sml-layout":"","ast-disable-related-posts":"","theme-transparent-header-meta":"default","adv-header-id-meta":"","stick-header-meta":"","header-above-stick-meta":"","header-main-stick-meta":"","header-below-stick-meta":"","astra-migrate-meta-layouts":"set","ast-page-background-enabled":"default","ast-page-background-meta":{"desktop":{"background-color":"","background-image":"","background-repeat":"repeat","background-position":"center center","background-size":"auto","background-attachment":"scroll","background-type":"","background-media":"","overlay-type":"","overlay-color":"","overlay-opacity":"","overlay-gradient":""},"tablet":{"background-color":"","background-image":"","background-repeat":"repeat","background-position":"center center","background-size":"auto","background-attachment":"scroll","background-type":"","background-media":"","overlay-type":"","overlay-color":"","overlay-opacity":"","overlay-gradient":""},"mobile":{"background-color":"","background-image":"","background-repeat":"repeat","background-position":"center center","background-size":"auto","background-attachment":"scroll","background-type":"","background-media":"","overlay-type":"","overlay-color":"","overlay-opacity":"","overlay-gradient":""}},"ast-content-background-meta":{"desktop":{"background-color":"var(--ast-global-color-5)","background-image":"","background-repeat":"repeat","background-position":"center center","background-size":"auto","background-attachment":"scroll","background-type":"","background-media":"","overlay-type":"","overlay-color":"","overlay-opacity":"","overlay-gradient":""},"tablet":{"background-color":"var(--ast-global-color-5)","background-image":"","background-repeat":"repeat","background-position":"center center","background-size":"auto","background-attachment":"scroll","background-type":"","background-media":"","overlay-type":"","overlay-color":"","overlay-opacity":"","overlay-gradient":""},"mobile":{"background-color":"var(--ast-global-color-5)","background-image":"","background-repeat":"repeat","background-position":"center center","background-size":"auto","background-attachment":"scroll","background-type":"","background-media":"","overlay-type":"","overlay-color":"","overlay-opacity":"","overlay-gradient":""}}},"product_brand":[],"product_cat":[32,40],"product_tag":[],"class_list":{"0":"post-3464","1":"product","2":"type-product","3":"status-publish","4":"has-post-thumbnail","6":"product_cat-etrendkiegeszito-deer-placenta","7":"product_cat-osszes-termek","8":"desktop-align-left","9":"tablet-align-left","10":"mobile-align-left","12":"first","13":"instock","14":"shipping-taxable","15":"purchasable","16":"product-type-simple"},"yoast_head":"<!-- This site is optimized with the Yoast SEO plugin v27.3 - https:\/\/yoast.com\/product\/yoast-seo-wordpress\/ -->\n<title>NAD+ \u00e9trendkieg\u00e9sz\u00edt\u0151 - Deer Force csomag - EINNALAB -<\/title>\n<meta name=\"description\" content=\"A DEER FORCE nad+ \u00e9trendkieg\u00e9sz\u00edt\u0151 \u00e9trend-kieg\u00e9sz\u00edt\u0151 f\u0151leg a megel\u0151z\u00e9st szolg\u00e1lja, k\u00e9slelteti sejtjeink \u00f6reged\u00e9s\u00e9t.\" \/>\n<meta name=\"robots\" content=\"index, follow, max-snippet:-1, max-image-preview:large, max-video-preview:-1\" \/>\n<link rel=\"canonical\" href=\"https:\/\/einnalab.hu\/sk\/produkt\/deer-force-csomag-nad-etrendkiegeszito\/\" \/>\n<meta property=\"og:locale\" content=\"sk_SK\" \/>\n<meta property=\"og:type\" content=\"article\" \/>\n<meta property=\"og:title\" content=\"NAD+ \u00e9trendkieg\u00e9sz\u00edt\u0151 - Deer Force csomag - EINNALAB -\" \/>\n<meta property=\"og:description\" content=\"A DEER FORCE nad+ \u00e9trendkieg\u00e9sz\u00edt\u0151 \u00e9trend-kieg\u00e9sz\u00edt\u0151 f\u0151leg a megel\u0151z\u00e9st szolg\u00e1lja, k\u00e9slelteti sejtjeink \u00f6reged\u00e9s\u00e9t.\" \/>\n<meta property=\"og:url\" content=\"https:\/\/einnalab.hu\/sk\/produkt\/deer-force-csomag-nad-etrendkiegeszito\/\" \/>\n<meta property=\"og:site_name\" content=\"EINNALAB\" \/>\n<meta property=\"article:modified_time\" content=\"2025-12-19T10:42:50+00:00\" \/>\n<meta property=\"og:image\" content=\"https:\/\/einnalab.hu\/wp-content\/uploads\/2024\/10\/deer-force-csomag-einnalab.png\" \/>\n\t<meta property=\"og:image:width\" content=\"1200\" \/>\n\t<meta property=\"og:image:height\" content=\"1200\" \/>\n\t<meta property=\"og:image:type\" content=\"image\/png\" \/>\n<meta name=\"twitter:card\" content=\"summary_large_image\" \/>\n<meta name=\"twitter:label1\" content=\"Predpokladan\u00fd \u010das \u010d\u00edtania\" \/>\n\t<meta name=\"twitter:data1\" content=\"5 min\u00fat\" \/>\n<script type=\"application\/ld+json\" class=\"yoast-schema-graph\">{\"@context\":\"https:\\\/\\\/schema.org\",\"@graph\":[{\"@type\":\"WebPage\",\"@id\":\"https:\\\/\\\/einnalab.hu\\\/termek\\\/deer-force-csomag-nad-etrendkiegeszito\\\/\",\"url\":\"https:\\\/\\\/einnalab.hu\\\/termek\\\/deer-force-csomag-nad-etrendkiegeszito\\\/\",\"name\":\"NAD+ \u00e9trendkieg\u00e9sz\u00edt\u0151 - Deer Force csomag - EINNALAB -\",\"isPartOf\":{\"@id\":\"https:\\\/\\\/einnalab.hu\\\/#website\"},\"primaryImageOfPage\":{\"@id\":\"https:\\\/\\\/einnalab.hu\\\/termek\\\/deer-force-csomag-nad-etrendkiegeszito\\\/#primaryimage\"},\"image\":{\"@id\":\"https:\\\/\\\/einnalab.hu\\\/termek\\\/deer-force-csomag-nad-etrendkiegeszito\\\/#primaryimage\"},\"thumbnailUrl\":\"https:\\\/\\\/einnalab.hu\\\/wp-content\\\/uploads\\\/2024\\\/10\\\/deer-force-csomag-einnalab.png\",\"datePublished\":\"2024-10-15T08:43:51+00:00\",\"dateModified\":\"2025-12-19T10:42:50+00:00\",\"description\":\"A DEER FORCE nad+ \u00e9trendkieg\u00e9sz\u00edt\u0151 \u00e9trend-kieg\u00e9sz\u00edt\u0151 f\u0151leg a megel\u0151z\u00e9st szolg\u00e1lja, k\u00e9slelteti sejtjeink \u00f6reged\u00e9s\u00e9t.\",\"breadcrumb\":{\"@id\":\"https:\\\/\\\/einnalab.hu\\\/termek\\\/deer-force-csomag-nad-etrendkiegeszito\\\/#breadcrumb\"},\"inLanguage\":\"sk-SK\",\"potentialAction\":[{\"@type\":\"ReadAction\",\"target\":[\"https:\\\/\\\/einnalab.hu\\\/termek\\\/deer-force-csomag-nad-etrendkiegeszito\\\/\"]}]},{\"@type\":\"ImageObject\",\"inLanguage\":\"sk-SK\",\"@id\":\"https:\\\/\\\/einnalab.hu\\\/termek\\\/deer-force-csomag-nad-etrendkiegeszito\\\/#primaryimage\",\"url\":\"https:\\\/\\\/einnalab.hu\\\/wp-content\\\/uploads\\\/2024\\\/10\\\/deer-force-csomag-einnalab.png\",\"contentUrl\":\"https:\\\/\\\/einnalab.hu\\\/wp-content\\\/uploads\\\/2024\\\/10\\\/deer-force-csomag-einnalab.png\",\"width\":1200,\"height\":1200,\"caption\":\"Nad+ \u00e9trendkieg\u00e9sz\u00edt\u0151 kapszula\"},{\"@type\":\"BreadcrumbList\",\"@id\":\"https:\\\/\\\/einnalab.hu\\\/termek\\\/deer-force-csomag-nad-etrendkiegeszito\\\/#breadcrumb\",\"itemListElement\":[{\"@type\":\"ListItem\",\"position\":1,\"name\":\"Kezd\u0151lap\",\"item\":\"https:\\\/\\\/einnalab.hu\\\/\"},{\"@type\":\"ListItem\",\"position\":2,\"name\":\"Shop\",\"item\":\"https:\\\/\\\/einnalab.hu\\\/shop\\\/\"},{\"@type\":\"ListItem\",\"position\":3,\"name\":\"Deer Force csomag\"}]},{\"@type\":\"WebSite\",\"@id\":\"https:\\\/\\\/einnalab.hu\\\/#website\",\"url\":\"https:\\\/\\\/einnalab.hu\\\/\",\"name\":\"EINNALAB\",\"description\":\"\",\"publisher\":{\"@id\":\"https:\\\/\\\/einnalab.hu\\\/#organization\"},\"potentialAction\":[{\"@type\":\"SearchAction\",\"target\":{\"@type\":\"EntryPoint\",\"urlTemplate\":\"https:\\\/\\\/einnalab.hu\\\/?s={search_term_string}\"},\"query-input\":{\"@type\":\"PropertyValueSpecification\",\"valueRequired\":true,\"valueName\":\"search_term_string\"}}],\"inLanguage\":\"sk-SK\"},{\"@type\":\"Organization\",\"@id\":\"https:\\\/\\\/einnalab.hu\\\/#organization\",\"name\":\"EINNALAB\",\"url\":\"https:\\\/\\\/einnalab.hu\\\/\",\"logo\":{\"@type\":\"ImageObject\",\"inLanguage\":\"sk-SK\",\"@id\":\"https:\\\/\\\/einnalab.hu\\\/#\\\/schema\\\/logo\\\/image\\\/\",\"url\":\"https:\\\/\\\/einnalab.hu\\\/wp-content\\\/uploads\\\/2023\\\/03\\\/cropped-einnalab-logo-feher.png\",\"contentUrl\":\"https:\\\/\\\/einnalab.hu\\\/wp-content\\\/uploads\\\/2023\\\/03\\\/cropped-einnalab-logo-feher.png\",\"width\":2911,\"height\":969,\"caption\":\"EINNALAB\"},\"image\":{\"@id\":\"https:\\\/\\\/einnalab.hu\\\/#\\\/schema\\\/logo\\\/image\\\/\"}}]}<\/script>\n<!-- \/ Yoast SEO plugin. -->","yoast_head_json":{"title":"NAD+ \u00e9trendkieg\u00e9sz\u00edt\u0151 - Deer Force csomag - EINNALAB -","description":"A DEER FORCE nad+ \u00e9trendkieg\u00e9sz\u00edt\u0151 \u00e9trend-kieg\u00e9sz\u00edt\u0151 f\u0151leg a megel\u0151z\u00e9st szolg\u00e1lja, k\u00e9slelteti sejtjeink \u00f6reged\u00e9s\u00e9t.","robots":{"index":"index","follow":"follow","max-snippet":"max-snippet:-1","max-image-preview":"max-image-preview:large","max-video-preview":"max-video-preview:-1"},"canonical":"https:\/\/einnalab.hu\/sk\/produkt\/deer-force-csomag-nad-etrendkiegeszito\/","og_locale":"sk_SK","og_type":"article","og_title":"NAD+ \u00e9trendkieg\u00e9sz\u00edt\u0151 - Deer Force csomag - EINNALAB -","og_description":"A DEER FORCE nad+ \u00e9trendkieg\u00e9sz\u00edt\u0151 \u00e9trend-kieg\u00e9sz\u00edt\u0151 f\u0151leg a megel\u0151z\u00e9st szolg\u00e1lja, k\u00e9slelteti sejtjeink \u00f6reged\u00e9s\u00e9t.","og_url":"https:\/\/einnalab.hu\/sk\/produkt\/deer-force-csomag-nad-etrendkiegeszito\/","og_site_name":"EINNALAB","article_modified_time":"2025-12-19T10:42:50+00:00","og_image":[{"width":1200,"height":1200,"url":"https:\/\/einnalab.hu\/wp-content\/uploads\/2024\/10\/deer-force-csomag-einnalab.png","type":"image\/png"}],"twitter_card":"summary_large_image","twitter_misc":{"Predpokladan\u00fd \u010das \u010d\u00edtania":"5 min\u00fat"},"schema":{"@context":"https:\/\/schema.org","@graph":[{"@type":"WebPage","@id":"https:\/\/einnalab.hu\/termek\/deer-force-csomag-nad-etrendkiegeszito\/","url":"https:\/\/einnalab.hu\/termek\/deer-force-csomag-nad-etrendkiegeszito\/","name":"NAD+ \u00e9trendkieg\u00e9sz\u00edt\u0151 - Deer Force csomag - EINNALAB -","isPartOf":{"@id":"https:\/\/einnalab.hu\/#website"},"primaryImageOfPage":{"@id":"https:\/\/einnalab.hu\/termek\/deer-force-csomag-nad-etrendkiegeszito\/#primaryimage"},"image":{"@id":"https:\/\/einnalab.hu\/termek\/deer-force-csomag-nad-etrendkiegeszito\/#primaryimage"},"thumbnailUrl":"https:\/\/einnalab.hu\/wp-content\/uploads\/2024\/10\/deer-force-csomag-einnalab.png","datePublished":"2024-10-15T08:43:51+00:00","dateModified":"2025-12-19T10:42:50+00:00","description":"A DEER FORCE nad+ \u00e9trendkieg\u00e9sz\u00edt\u0151 \u00e9trend-kieg\u00e9sz\u00edt\u0151 f\u0151leg a megel\u0151z\u00e9st szolg\u00e1lja, k\u00e9slelteti sejtjeink \u00f6reged\u00e9s\u00e9t.","breadcrumb":{"@id":"https:\/\/einnalab.hu\/termek\/deer-force-csomag-nad-etrendkiegeszito\/#breadcrumb"},"inLanguage":"sk-SK","potentialAction":[{"@type":"ReadAction","target":["https:\/\/einnalab.hu\/termek\/deer-force-csomag-nad-etrendkiegeszito\/"]}]},{"@type":"ImageObject","inLanguage":"sk-SK","@id":"https:\/\/einnalab.hu\/termek\/deer-force-csomag-nad-etrendkiegeszito\/#primaryimage","url":"https:\/\/einnalab.hu\/wp-content\/uploads\/2024\/10\/deer-force-csomag-einnalab.png","contentUrl":"https:\/\/einnalab.hu\/wp-content\/uploads\/2024\/10\/deer-force-csomag-einnalab.png","width":1200,"height":1200,"caption":"Nad+ \u00e9trendkieg\u00e9sz\u00edt\u0151 kapszula"},{"@type":"BreadcrumbList","@id":"https:\/\/einnalab.hu\/termek\/deer-force-csomag-nad-etrendkiegeszito\/#breadcrumb","itemListElement":[{"@type":"ListItem","position":1,"name":"Kezd\u0151lap","item":"https:\/\/einnalab.hu\/"},{"@type":"ListItem","position":2,"name":"Shop","item":"https:\/\/einnalab.hu\/shop\/"},{"@type":"ListItem","position":3,"name":"Deer Force csomag"}]},{"@type":"WebSite","@id":"https:\/\/einnalab.hu\/#website","url":"https:\/\/einnalab.hu\/","name":"EINNALAB","description":"","publisher":{"@id":"https:\/\/einnalab.hu\/#organization"},"potentialAction":[{"@type":"SearchAction","target":{"@type":"EntryPoint","urlTemplate":"https:\/\/einnalab.hu\/?s={search_term_string}"},"query-input":{"@type":"PropertyValueSpecification","valueRequired":true,"valueName":"search_term_string"}}],"inLanguage":"sk-SK"},{"@type":"Organization","@id":"https:\/\/einnalab.hu\/#organization","name":"EINNALAB","url":"https:\/\/einnalab.hu\/","logo":{"@type":"ImageObject","inLanguage":"sk-SK","@id":"https:\/\/einnalab.hu\/#\/schema\/logo\/image\/","url":"https:\/\/einnalab.hu\/wp-content\/uploads\/2023\/03\/cropped-einnalab-logo-feher.png","contentUrl":"https:\/\/einnalab.hu\/wp-content\/uploads\/2023\/03\/cropped-einnalab-logo-feher.png","width":2911,"height":969,"caption":"EINNALAB"},"image":{"@id":"https:\/\/einnalab.hu\/#\/schema\/logo\/image\/"}}]}},"_links":{"self":[{"href":"https:\/\/einnalab.hu\/sk\/wp-json\/wp\/v2\/product\/3464","targetHints":{"allow":["GET"]}}],"collection":[{"href":"https:\/\/einnalab.hu\/sk\/wp-json\/wp\/v2\/product"}],"about":[{"href":"https:\/\/einnalab.hu\/sk\/wp-json\/wp\/v2\/types\/product"}],"replies":[{"embeddable":true,"href":"https:\/\/einnalab.hu\/sk\/wp-json\/wp\/v2\/comments?post=3464"}],"wp:featuredmedia":[{"embeddable":true,"href":"https:\/\/einnalab.hu\/sk\/wp-json\/wp\/v2\/media\/3466"}],"wp:attachment":[{"href":"https:\/\/einnalab.hu\/sk\/wp-json\/wp\/v2\/media?parent=3464"}],"wp:term":[{"taxonomy":"product_brand","embeddable":true,"href":"https:\/\/einnalab.hu\/sk\/wp-json\/wp\/v2\/product_brand?post=3464"},{"taxonomy":"product_cat","embeddable":true,"href":"https:\/\/einnalab.hu\/sk\/wp-json\/wp\/v2\/product_cat?post=3464"},{"taxonomy":"product_tag","embeddable":true,"href":"https:\/\/einnalab.hu\/sk\/wp-json\/wp\/v2\/product_tag?post=3464"}],"curies":[{"name":"wp","href":"https:\/\/api.w.org\/{rel}","templated":true}]}}