{"id":4019,"date":"2025-07-21T12:44:44","date_gmt":"2025-07-21T12:44:44","guid":{"rendered":"https:\/\/einnalab.hu\/?post_type=product&#038;p=4019"},"modified":"2026-04-01T07:07:25","modified_gmt":"2026-04-01T07:07:25","slug":"uj-formula-teljes-kura-deer-placenta-6x-30-000-mg","status":"publish","type":"product","link":"https:\/\/einnalab.hu\/en\/product\/uj-formula-teljes-kura-deer-placenta-6x-30-000-mg\/","title":{"rendered":"Complete supply of Deer Placenta \u2013 6 \u00d7 30,000 mg"},"content":{"rendered":"<h6>Why do we recommend Deer Placenta stem cell capsules?<\/h6>\n<p><span class=\"OYPEnA text-decoration-none text-strikethrough-none\">One of the most important issues in today's stem cell research is the reproduction of adult stem cells. The more stem cells present in the blood, the better for the body. <\/span><span class=\"OYPEnA text-decoration-none text-strikethrough-none\">The stem cell capsule can provide an opportunity for the regeneration capacity of the human body to work more efficiently, since a<\/span>stem cells are the natural building blocks of the human body, which are able to renew and repair different parts of the body. Einnalab's capsules contain the power of deer placenta stem cells, which are highly compatible with human stem cells. This unique natural ingredient can play an important role in slowing down the body's aging processes and improving health. <span class=\"OYPEnA text-decoration-none text-strikethrough-none\">The stem cell capsule reaches the organs with the help of a special messenger substance. When it arrives at the \"target area\", it uses its ability to divide, sends its copy on, and it itself integrates and becomes the cells of the organ. <\/span>It can stimulate the body's \"sleeping\" stem cells, which replace damaged, degenerated cells, creating new nerve cell connections and more flexible connective tissue.<\/p>\n<h6>But what does the Deer Placenta stem cell capsule contain?<\/h6>\n<p>Deer Placenta Stem Cell Capsules are a highly concentrated, easily absorbed dietary supplement containing the following key ingredients:<\/p>\n<ol>\n<li><strong>Deer placental stem cells:<\/strong> These stem cells in capsules can help the body's regeneration processes, improve skin elasticity and support the immune system.<\/li>\n<li><strong>Antioxidants:<\/strong> Antioxidants can help your body fight free radicals, which can cause cell damage and inflammation.<\/li>\n<li><strong>Vitamins and minerals:<\/strong> Deer Placenta stem cell capsules are rich in vitamins and minerals that can contribute to maintaining overall health and vitality.<\/li>\n<\/ol>\n<h6>How do you use Deer Placenta Stem Cell Capsules?<\/h6>\n<p>The capsules are easy to incorporate into your daily diet. Recommended dosage: for adults, 2\u00d71 or 2\u00d72 capsules per day with a meal or a glass of water.<\/p>\n<p>You can also buy a box of the product (1 month's dose), but a 6-month course is recommended. During the 6-month course, cells, organs and tissues have time to regenerate.<\/p>\n<p>The results may vary depending on the period, but many people notice the improvement after only a few weeks, some people only notice the improvement after 1-2 months. It may also happen that when you start taking the capsule, the symptoms get worse in the first few days before they start to improve. This is called a healing crisis. This phenomenon is the result of the active functioning of the body's self-healing mechanisms and occurs because the body is cleansing itself of toxins or bringing itself into balance.\n\u200b<\/p>\n<p>The capsule contains only natural ingredients.<\/p>\n<h6>Why choose Einnalab's product?<\/h6>\n<p>Einnalab is committed to quality and innovation. Our products are made using carefully selected ingredients to ensure the highest quality and effectiveness.<\/p>\n<p class=\"cvGsUA direction-ltr align-center para-style-body\"><span class=\"OYPEnA text-decoration-none text-strikethrough-none\">The special feature of the EINNALAB Deer Placenta capsule is that it can widely differentiate into body cells performing special functions of the body through mitotic cell division.\u00a0<\/span><\/p>\n<p>&nbsp;<\/p>\n<h6>Each stem cell capsule contains:<\/h6>\n<ol>\n<li><strong>Deer placenta powder 300 mg<\/strong> Anti-aging effect, improvement of hormonal balance, improvement of menstrual disorders\/pains.<\/li>\n<li><strong>Borage oil 200 mg:<\/strong> It is used to improve the condition of the skin and helps to maintain cholesterol levels.<\/li>\n<li><strong>Squalene 150 mg:<\/strong> It increases metabolism, is rich in EPA and DHA, and improves blood circulation.\n\u200b<\/li>\n<li><strong>Avocado oil 100 mg:<\/strong> Rich in \u03b2-carotene and potassium, it provides the fatty acids needed by the body and acts as a powerful antioxidant.<\/li>\n<li><strong>Marine collagen extract 100 mg:<\/strong> This sea creature extract has 18 types of amino acids, strengthens immunity and contributes to maintaining the youth of the skin. It is in peptide form, which ensures 10 times better absorption.<\/li>\n<li><strong>Evening primrose oil 100 mg:<\/strong> It is rich in vitamins and minerals, regulates vitality, stimulates metabolism, is used for wound healing and internally against asthma and colds.<\/li>\n<li><strong>6% lycopene oil 50 mg:<\/strong> Natural carotenoids, known as super antioxidants, promote metabolism.<\/li>\n<li><strong>Fucoidan extract 50 mg:<\/strong> It is an excellent source of protein, minerals and antioxidants, strengthens the body's immune system and contributes to maintaining the health of the intestines and digestive system.<\/li>\n<li><strong>Dendrobium extract 20 mg:<\/strong> It fights fatigue, promotes blood circulation, maintains joint mobility, and nourishes the stomach and moistens the lungs.<\/li>\n<li><strong>Grape seed extract 20 mg:<\/strong> It contains powerful antioxidants that lower blood pressure, improve blood flow, reduce oxidative damage, and help increase collagen levels and maintain bone strength.<\/li>\n<li><strong>Aloe Vera extract 10 mg:<\/strong> An excellent source of amino acids, with active enzymes, vitamins and nutritional complexes. It strengthens the body's immune system and improves digestion.<\/li>\n<li><strong>Vitamin E:<\/strong> It regulates cholesterol levels, fights against free radicals, regenerates damaged skin, enriches hair, regulates hormones, helps with PMS symptoms, and improves vision.<\/li>\n<\/ol>\n<p><strong>Comment<\/strong><\/p>\n<p>Do not exceed the recommended daily consumption amount! Keep out of the reach of small children.<br \/>\nAllura red: can have a harmful effect on children's activity and attention.<br \/>\nThe dietary supplement does not replace a balanced, varied diet and a healthy lifestyle!<br \/>\nTo be stored in a dry and cool place, at a maximum of 30\u00b0C.<br \/>\nRecommended dosage: for adults, 2\u00d71 or 2\u00d72 capsules per day with a meal or a glass of water.\n\u200b<\/p>\n<p>Contents: 6 \u00d7 60 capsules<\/p>\n<p>Net weight: 80.37 g<\/p>\n<p>Country of origin: New Zealand<\/p>","protected":false},"excerpt":{"rendered":"<p style=\"font-weight: 400;\"><strong>Deer Placenta 30,000 mg \u00d7 60 capsules x6<\/strong><\/p>\n<p data-start=\"317\" data-end=\"538\">The Deer Placenta capsule is a dietary supplement containing deer placenta extract, designed to support overall well-being and daily vitality when used alongside a balanced diet and healthy lifestyle.<\/p>\n<p data-start=\"540\" data-end=\"804\">The product\u2019s main ingredient is placenta extract from farm-raised deer. Deer placenta naturally contains various nutrients and bioactive components, which is why it has traditionally been used as an ingredient in functional dietary supplements.<\/p>\n<p data-start=\"806\" data-end=\"995\">The animal-derived ingredients are sourced from carefully controlled farms, and the production process complies with applicable food safety and quality assurance standards.<\/p>\n<p data-start=\"997\" data-end=\"1207\">The Deer Placenta capsule is intended as a dietary supplement and does not replace a varied and balanced diet. Consumption of the product is considered safe when used according to the recommended dosage.<\/p>","protected":false},"featured_media":4044,"comment_status":"open","ping_status":"closed","template":"","meta":{"om_disable_all_campaigns":false,"_monsterinsights_skip_tracking":false,"_monsterinsights_sitenote_active":false,"_monsterinsights_sitenote_note":"","_monsterinsights_sitenote_category":0,"site-sidebar-layout":"default","site-content-layout":"default","ast-site-content-layout":"default","site-content-style":"default","site-sidebar-style":"default","ast-global-header-display":"","ast-banner-title-visibility":"","ast-main-header-display":"","ast-hfb-above-header-display":"","ast-hfb-below-header-display":"","ast-hfb-mobile-header-display":"","site-post-title":"","ast-breadcrumbs-content":"","ast-featured-img":"","footer-sml-layout":"","ast-disable-related-posts":"","theme-transparent-header-meta":"default","adv-header-id-meta":"","stick-header-meta":"","header-above-stick-meta":"","header-main-stick-meta":"","header-below-stick-meta":"","astra-migrate-meta-layouts":"set","ast-page-background-enabled":"default","ast-page-background-meta":{"desktop":{"background-color":"","background-image":"","background-repeat":"repeat","background-position":"center center","background-size":"auto","background-attachment":"scroll","background-type":"","background-media":"","overlay-type":"","overlay-color":"","overlay-opacity":"","overlay-gradient":""},"tablet":{"background-color":"","background-image":"","background-repeat":"repeat","background-position":"center center","background-size":"auto","background-attachment":"scroll","background-type":"","background-media":"","overlay-type":"","overlay-color":"","overlay-opacity":"","overlay-gradient":""},"mobile":{"background-color":"","background-image":"","background-repeat":"repeat","background-position":"center center","background-size":"auto","background-attachment":"scroll","background-type":"","background-media":"","overlay-type":"","overlay-color":"","overlay-opacity":"","overlay-gradient":""}},"ast-content-background-meta":{"desktop":{"background-color":"var(--ast-global-color-5)","background-image":"","background-repeat":"repeat","background-position":"center center","background-size":"auto","background-attachment":"scroll","background-type":"","background-media":"","overlay-type":"","overlay-color":"","overlay-opacity":"","overlay-gradient":""},"tablet":{"background-color":"var(--ast-global-color-5)","background-image":"","background-repeat":"repeat","background-position":"center center","background-size":"auto","background-attachment":"scroll","background-type":"","background-media":"","overlay-type":"","overlay-color":"","overlay-opacity":"","overlay-gradient":""},"mobile":{"background-color":"var(--ast-global-color-5)","background-image":"","background-repeat":"repeat","background-position":"center center","background-size":"auto","background-attachment":"scroll","background-type":"","background-media":"","overlay-type":"","overlay-color":"","overlay-opacity":"","overlay-gradient":""}}},"product_brand":[],"product_cat":[32,40,38],"product_tag":[],"class_list":{"0":"post-4019","1":"product","2":"type-product","3":"status-publish","4":"has-post-thumbnail","6":"product_cat-etrendkiegeszito-deer-placenta","7":"product_cat-osszes-termek","8":"product_cat-uj-formula","9":"desktop-align-left","10":"tablet-align-left","11":"mobile-align-left","13":"first","14":"instock","15":"sale","16":"shipping-taxable","17":"purchasable","18":"product-type-simple"},"yoast_head":"<!-- This site is optimized with the Yoast SEO plugin v27.3 - https:\/\/yoast.com\/product\/yoast-seo-wordpress\/ -->\n<title>\u0150ssejt kapszula - Teljes k\u00fara Deer Placenta 6x 30.000 mg<\/title>\n<meta name=\"description\" content=\"\u0150ssejt kapszula: seg\u00edt visszaford\u00edtani az \u00f6reged\u00e9si folyamatot, emellett az \u0151ssejt\u00a0a t\u00e1panyagok \u00e9s n\u00f6veked\u00e9si faktorok gazdag forr\u00e1sa.\" \/>\n<meta name=\"robots\" content=\"index, follow, max-snippet:-1, max-image-preview:large, max-video-preview:-1\" \/>\n<link rel=\"canonical\" href=\"https:\/\/einnalab.hu\/en\/product\/uj-formula-teljes-kura-deer-placenta-6x-30-000-mg\/\" \/>\n<meta property=\"og:locale\" content=\"en_US\" \/>\n<meta property=\"og:type\" content=\"article\" \/>\n<meta property=\"og:title\" content=\"\u0150ssejt kapszula - Teljes k\u00fara Deer Placenta 6x 30.000 mg\" \/>\n<meta property=\"og:description\" content=\"\u0150ssejt kapszula: seg\u00edt visszaford\u00edtani az \u00f6reged\u00e9si folyamatot, emellett az \u0151ssejt\u00a0a t\u00e1panyagok \u00e9s n\u00f6veked\u00e9si faktorok gazdag forr\u00e1sa.\" \/>\n<meta property=\"og:url\" content=\"https:\/\/einnalab.hu\/en\/product\/uj-formula-teljes-kura-deer-placenta-6x-30-000-mg\/\" \/>\n<meta property=\"og:site_name\" content=\"EINNALAB\" \/>\n<meta property=\"article:modified_time\" content=\"2026-04-01T07:07:25+00:00\" \/>\n<meta property=\"og:image\" content=\"https:\/\/einnalab.hu\/wp-content\/uploads\/2025\/07\/deer-placenta-uj-teljes-csomag.png\" \/>\n\t<meta property=\"og:image:width\" content=\"1200\" \/>\n\t<meta property=\"og:image:height\" content=\"1200\" \/>\n\t<meta property=\"og:image:type\" content=\"image\/png\" \/>\n<meta name=\"twitter:card\" content=\"summary_large_image\" \/>\n<meta name=\"twitter:label1\" content=\"Est. reading time\" \/>\n\t<meta name=\"twitter:data1\" content=\"5 minutes\" \/>\n<script type=\"application\/ld+json\" class=\"yoast-schema-graph\">{\"@context\":\"https:\\\/\\\/schema.org\",\"@graph\":[{\"@type\":\"WebPage\",\"@id\":\"https:\\\/\\\/einnalab.hu\\\/termek\\\/uj-formula-teljes-kura-deer-placenta-6x-30-000-mg\\\/\",\"url\":\"https:\\\/\\\/einnalab.hu\\\/termek\\\/uj-formula-teljes-kura-deer-placenta-6x-30-000-mg\\\/\",\"name\":\"\u0150ssejt kapszula - Teljes k\u00fara Deer Placenta 6x 30.000 mg\",\"isPartOf\":{\"@id\":\"https:\\\/\\\/einnalab.hu\\\/#website\"},\"primaryImageOfPage\":{\"@id\":\"https:\\\/\\\/einnalab.hu\\\/termek\\\/uj-formula-teljes-kura-deer-placenta-6x-30-000-mg\\\/#primaryimage\"},\"image\":{\"@id\":\"https:\\\/\\\/einnalab.hu\\\/termek\\\/uj-formula-teljes-kura-deer-placenta-6x-30-000-mg\\\/#primaryimage\"},\"thumbnailUrl\":\"https:\\\/\\\/einnalab.hu\\\/wp-content\\\/uploads\\\/2025\\\/07\\\/deer-placenta-uj-teljes-csomag.png\",\"datePublished\":\"2025-07-21T12:44:44+00:00\",\"dateModified\":\"2026-04-01T07:07:25+00:00\",\"description\":\"\u0150ssejt kapszula: seg\u00edt visszaford\u00edtani az \u00f6reged\u00e9si folyamatot, emellett az \u0151ssejt\u00a0a t\u00e1panyagok \u00e9s n\u00f6veked\u00e9si faktorok gazdag forr\u00e1sa.\",\"breadcrumb\":{\"@id\":\"https:\\\/\\\/einnalab.hu\\\/termek\\\/uj-formula-teljes-kura-deer-placenta-6x-30-000-mg\\\/#breadcrumb\"},\"inLanguage\":\"en-US\",\"potentialAction\":[{\"@type\":\"ReadAction\",\"target\":[\"https:\\\/\\\/einnalab.hu\\\/termek\\\/uj-formula-teljes-kura-deer-placenta-6x-30-000-mg\\\/\"]}]},{\"@type\":\"ImageObject\",\"inLanguage\":\"en-US\",\"@id\":\"https:\\\/\\\/einnalab.hu\\\/termek\\\/uj-formula-teljes-kura-deer-placenta-6x-30-000-mg\\\/#primaryimage\",\"url\":\"https:\\\/\\\/einnalab.hu\\\/wp-content\\\/uploads\\\/2025\\\/07\\\/deer-placenta-uj-teljes-csomag.png\",\"contentUrl\":\"https:\\\/\\\/einnalab.hu\\\/wp-content\\\/uploads\\\/2025\\\/07\\\/deer-placenta-uj-teljes-csomag.png\",\"width\":1200,\"height\":1200},{\"@type\":\"BreadcrumbList\",\"@id\":\"https:\\\/\\\/einnalab.hu\\\/termek\\\/uj-formula-teljes-kura-deer-placenta-6x-30-000-mg\\\/#breadcrumb\",\"itemListElement\":[{\"@type\":\"ListItem\",\"position\":1,\"name\":\"Kezd\u0151lap\",\"item\":\"https:\\\/\\\/einnalab.hu\\\/\"},{\"@type\":\"ListItem\",\"position\":2,\"name\":\"Shop\",\"item\":\"https:\\\/\\\/einnalab.hu\\\/shop\\\/\"},{\"@type\":\"ListItem\",\"position\":3,\"name\":\"Teljes k\u00fara Deer Placenta 6x 30.000 mg\"}]},{\"@type\":\"WebSite\",\"@id\":\"https:\\\/\\\/einnalab.hu\\\/#website\",\"url\":\"https:\\\/\\\/einnalab.hu\\\/\",\"name\":\"EINNALAB\",\"description\":\"\",\"publisher\":{\"@id\":\"https:\\\/\\\/einnalab.hu\\\/#organization\"},\"potentialAction\":[{\"@type\":\"SearchAction\",\"target\":{\"@type\":\"EntryPoint\",\"urlTemplate\":\"https:\\\/\\\/einnalab.hu\\\/?s={search_term_string}\"},\"query-input\":{\"@type\":\"PropertyValueSpecification\",\"valueRequired\":true,\"valueName\":\"search_term_string\"}}],\"inLanguage\":\"en-US\"},{\"@type\":\"Organization\",\"@id\":\"https:\\\/\\\/einnalab.hu\\\/#organization\",\"name\":\"EINNALAB\",\"url\":\"https:\\\/\\\/einnalab.hu\\\/\",\"logo\":{\"@type\":\"ImageObject\",\"inLanguage\":\"en-US\",\"@id\":\"https:\\\/\\\/einnalab.hu\\\/#\\\/schema\\\/logo\\\/image\\\/\",\"url\":\"https:\\\/\\\/einnalab.hu\\\/wp-content\\\/uploads\\\/2023\\\/03\\\/cropped-einnalab-logo-feher.png\",\"contentUrl\":\"https:\\\/\\\/einnalab.hu\\\/wp-content\\\/uploads\\\/2023\\\/03\\\/cropped-einnalab-logo-feher.png\",\"width\":2911,\"height\":969,\"caption\":\"EINNALAB\"},\"image\":{\"@id\":\"https:\\\/\\\/einnalab.hu\\\/#\\\/schema\\\/logo\\\/image\\\/\"}}]}<\/script>\n<!-- \/ Yoast SEO plugin. -->","yoast_head_json":{"title":"\u0150ssejt kapszula - Teljes k\u00fara Deer Placenta 6x 30.000 mg","description":"\u0150ssejt kapszula: seg\u00edt visszaford\u00edtani az \u00f6reged\u00e9si folyamatot, emellett az \u0151ssejt\u00a0a t\u00e1panyagok \u00e9s n\u00f6veked\u00e9si faktorok gazdag forr\u00e1sa.","robots":{"index":"index","follow":"follow","max-snippet":"max-snippet:-1","max-image-preview":"max-image-preview:large","max-video-preview":"max-video-preview:-1"},"canonical":"https:\/\/einnalab.hu\/en\/product\/uj-formula-teljes-kura-deer-placenta-6x-30-000-mg\/","og_locale":"en_US","og_type":"article","og_title":"\u0150ssejt kapszula - Teljes k\u00fara Deer Placenta 6x 30.000 mg","og_description":"\u0150ssejt kapszula: seg\u00edt visszaford\u00edtani az \u00f6reged\u00e9si folyamatot, emellett az \u0151ssejt\u00a0a t\u00e1panyagok \u00e9s n\u00f6veked\u00e9si faktorok gazdag forr\u00e1sa.","og_url":"https:\/\/einnalab.hu\/en\/product\/uj-formula-teljes-kura-deer-placenta-6x-30-000-mg\/","og_site_name":"EINNALAB","article_modified_time":"2026-04-01T07:07:25+00:00","og_image":[{"width":1200,"height":1200,"url":"https:\/\/einnalab.hu\/wp-content\/uploads\/2025\/07\/deer-placenta-uj-teljes-csomag.png","type":"image\/png"}],"twitter_card":"summary_large_image","twitter_misc":{"Est. reading time":"5 minutes"},"schema":{"@context":"https:\/\/schema.org","@graph":[{"@type":"WebPage","@id":"https:\/\/einnalab.hu\/termek\/uj-formula-teljes-kura-deer-placenta-6x-30-000-mg\/","url":"https:\/\/einnalab.hu\/termek\/uj-formula-teljes-kura-deer-placenta-6x-30-000-mg\/","name":"\u0150ssejt kapszula - Teljes k\u00fara Deer Placenta 6x 30.000 mg","isPartOf":{"@id":"https:\/\/einnalab.hu\/#website"},"primaryImageOfPage":{"@id":"https:\/\/einnalab.hu\/termek\/uj-formula-teljes-kura-deer-placenta-6x-30-000-mg\/#primaryimage"},"image":{"@id":"https:\/\/einnalab.hu\/termek\/uj-formula-teljes-kura-deer-placenta-6x-30-000-mg\/#primaryimage"},"thumbnailUrl":"https:\/\/einnalab.hu\/wp-content\/uploads\/2025\/07\/deer-placenta-uj-teljes-csomag.png","datePublished":"2025-07-21T12:44:44+00:00","dateModified":"2026-04-01T07:07:25+00:00","description":"\u0150ssejt kapszula: seg\u00edt visszaford\u00edtani az \u00f6reged\u00e9si folyamatot, emellett az \u0151ssejt\u00a0a t\u00e1panyagok \u00e9s n\u00f6veked\u00e9si faktorok gazdag forr\u00e1sa.","breadcrumb":{"@id":"https:\/\/einnalab.hu\/termek\/uj-formula-teljes-kura-deer-placenta-6x-30-000-mg\/#breadcrumb"},"inLanguage":"en-US","potentialAction":[{"@type":"ReadAction","target":["https:\/\/einnalab.hu\/termek\/uj-formula-teljes-kura-deer-placenta-6x-30-000-mg\/"]}]},{"@type":"ImageObject","inLanguage":"en-US","@id":"https:\/\/einnalab.hu\/termek\/uj-formula-teljes-kura-deer-placenta-6x-30-000-mg\/#primaryimage","url":"https:\/\/einnalab.hu\/wp-content\/uploads\/2025\/07\/deer-placenta-uj-teljes-csomag.png","contentUrl":"https:\/\/einnalab.hu\/wp-content\/uploads\/2025\/07\/deer-placenta-uj-teljes-csomag.png","width":1200,"height":1200},{"@type":"BreadcrumbList","@id":"https:\/\/einnalab.hu\/termek\/uj-formula-teljes-kura-deer-placenta-6x-30-000-mg\/#breadcrumb","itemListElement":[{"@type":"ListItem","position":1,"name":"Kezd\u0151lap","item":"https:\/\/einnalab.hu\/"},{"@type":"ListItem","position":2,"name":"Shop","item":"https:\/\/einnalab.hu\/shop\/"},{"@type":"ListItem","position":3,"name":"Teljes k\u00fara Deer Placenta 6x 30.000 mg"}]},{"@type":"WebSite","@id":"https:\/\/einnalab.hu\/#website","url":"https:\/\/einnalab.hu\/","name":"EINNALAB","description":"","publisher":{"@id":"https:\/\/einnalab.hu\/#organization"},"potentialAction":[{"@type":"SearchAction","target":{"@type":"EntryPoint","urlTemplate":"https:\/\/einnalab.hu\/?s={search_term_string}"},"query-input":{"@type":"PropertyValueSpecification","valueRequired":true,"valueName":"search_term_string"}}],"inLanguage":"en-US"},{"@type":"Organization","@id":"https:\/\/einnalab.hu\/#organization","name":"EINNALAB","url":"https:\/\/einnalab.hu\/","logo":{"@type":"ImageObject","inLanguage":"en-US","@id":"https:\/\/einnalab.hu\/#\/schema\/logo\/image\/","url":"https:\/\/einnalab.hu\/wp-content\/uploads\/2023\/03\/cropped-einnalab-logo-feher.png","contentUrl":"https:\/\/einnalab.hu\/wp-content\/uploads\/2023\/03\/cropped-einnalab-logo-feher.png","width":2911,"height":969,"caption":"EINNALAB"},"image":{"@id":"https:\/\/einnalab.hu\/#\/schema\/logo\/image\/"}}]}},"_links":{"self":[{"href":"https:\/\/einnalab.hu\/en\/wp-json\/wp\/v2\/product\/4019","targetHints":{"allow":["GET"]}}],"collection":[{"href":"https:\/\/einnalab.hu\/en\/wp-json\/wp\/v2\/product"}],"about":[{"href":"https:\/\/einnalab.hu\/en\/wp-json\/wp\/v2\/types\/product"}],"replies":[{"embeddable":true,"href":"https:\/\/einnalab.hu\/en\/wp-json\/wp\/v2\/comments?post=4019"}],"wp:featuredmedia":[{"embeddable":true,"href":"https:\/\/einnalab.hu\/en\/wp-json\/wp\/v2\/media\/4044"}],"wp:attachment":[{"href":"https:\/\/einnalab.hu\/en\/wp-json\/wp\/v2\/media?parent=4019"}],"wp:term":[{"taxonomy":"product_brand","embeddable":true,"href":"https:\/\/einnalab.hu\/en\/wp-json\/wp\/v2\/product_brand?post=4019"},{"taxonomy":"product_cat","embeddable":true,"href":"https:\/\/einnalab.hu\/en\/wp-json\/wp\/v2\/product_cat?post=4019"},{"taxonomy":"product_tag","embeddable":true,"href":"https:\/\/einnalab.hu\/en\/wp-json\/wp\/v2\/product_tag?post=4019"}],"curies":[{"name":"wp","href":"https:\/\/api.w.org\/{rel}","templated":true}]}}