{"id":4395,"date":"2025-12-05T12:45:23","date_gmt":"2025-12-05T12:45:23","guid":{"rendered":"https:\/\/einnalab.hu\/?post_type=product&#038;p=4395"},"modified":"2026-01-07T07:53:28","modified_gmt":"2026-01-07T07:53:28","slug":"hyaluron-gel","status":"publish","type":"product","link":"https:\/\/einnalab.hu\/de\/produkt\/hyaluron-gel\/","title":{"rendered":"Hyaluron Gel"},"content":{"rendered":"<p data-start=\"337\" data-end=\"685\">Wir wollten dieses Gel zusammen mit den Deer Placenta- und Deer Force-Kapseln als ein \u00e4u\u00dferlich anzuwendendes Produkt einf\u00fchren, das die Hautpflege sinnvoll erg\u00e4nzt. Wir suchten nach einer Zubereitung, die wir selbst seit Jahren verwenden, die sich bew\u00e4hrt und zuverl\u00e4ssig ist und die unserer Erfahrung nach die Hautfeuchtigkeit und -erneuerung wirksam unterst\u00fctzen kann.<\/p>\n<p data-start=\"242\" data-end=\"518\">Seine sofort gl\u00e4ttenden Eigenschaften k\u00f6nnen der Haut ein frisches und gepflegtes Aussehen verleihen, w\u00e4hrend die leichte Textur schnell einzieht und kein fettiges Gef\u00fchl hinterl\u00e4sst. Laut R\u00fcckmeldungen vieler unserer Kunden ist der Effekt des Gels bereits nach der ersten Anwendung sp\u00fcrbar, und die Haut kann fester und praller wirken.<\/p>\n<h5 data-start=\"1063\" data-end=\"1080\"><strong data-start=\"1067\" data-end=\"1080\">Anwendung<\/strong><\/h5>\n<p data-start=\"1081\" data-end=\"1212\">Tragen Sie ein paar Tropfen auf die gereinigte Haut auf und massieren Sie sie sanft in kreisenden Bewegungen ein. Die Formel zieht schnell ein. Anschlie\u00dfend kann eine Tagescreme oder Make-up \u00fcber das Gel aufgetragen werden.<\/p>\n<h5 data-start=\"1352\" data-end=\"1370\"><strong data-start=\"1356\" data-end=\"1370\">Verpackung<\/strong><\/h5>\n<p data-start=\"1371\" data-end=\"1378\">50 ml<\/p>","protected":false},"excerpt":{"rendered":"<p data-start=\"99\" data-end=\"347\">Hyalurons\u00e4ure spielt eine wichtige Rolle bei der Erhaltung der Hautfeuchtigkeit und Elastizit\u00e4t. Ihre nat\u00fcrliche Produktion kann mit der Zeit abnehmen, was zu verringerter Feuchtigkeit, reduzierter Hautelastizit\u00e4t und dem Auftreten feiner Linien beitragen kann.<\/p>\n<p data-start=\"349\" data-end=\"590\">Dieses Gel unterst\u00fctzt die F\u00e4higkeit der Haut, Feuchtigkeit zu speichern, sodass sich die Haut bei regelm\u00e4\u00dfiger Anwendung weicher, praller und elastischer anf\u00fchlen kann. Es ist speziell f\u00fcr die Pflege der beanspruchten Haut von Gesicht, Hals und Dekollet\u00e9 entwickelt.<\/p>","protected":false},"featured_media":4398,"comment_status":"open","ping_status":"closed","template":"","meta":{"om_disable_all_campaigns":false,"_monsterinsights_skip_tracking":false,"_monsterinsights_sitenote_active":false,"_monsterinsights_sitenote_note":"","_monsterinsights_sitenote_category":0,"site-sidebar-layout":"default","site-content-layout":"","ast-site-content-layout":"default","site-content-style":"default","site-sidebar-style":"default","ast-global-header-display":"","ast-banner-title-visibility":"","ast-main-header-display":"","ast-hfb-above-header-display":"","ast-hfb-below-header-display":"","ast-hfb-mobile-header-display":"","site-post-title":"","ast-breadcrumbs-content":"","ast-featured-img":"","footer-sml-layout":"","ast-disable-related-posts":"","theme-transparent-header-meta":"default","adv-header-id-meta":"","stick-header-meta":"","header-above-stick-meta":"","header-main-stick-meta":"","header-below-stick-meta":"","astra-migrate-meta-layouts":"set","ast-page-background-enabled":"default","ast-page-background-meta":{"desktop":{"background-color":"","background-image":"","background-repeat":"repeat","background-position":"center center","background-size":"auto","background-attachment":"scroll","background-type":"","background-media":"","overlay-type":"","overlay-color":"","overlay-opacity":"","overlay-gradient":""},"tablet":{"background-color":"","background-image":"","background-repeat":"repeat","background-position":"center center","background-size":"auto","background-attachment":"scroll","background-type":"","background-media":"","overlay-type":"","overlay-color":"","overlay-opacity":"","overlay-gradient":""},"mobile":{"background-color":"","background-image":"","background-repeat":"repeat","background-position":"center center","background-size":"auto","background-attachment":"scroll","background-type":"","background-media":"","overlay-type":"","overlay-color":"","overlay-opacity":"","overlay-gradient":""}},"ast-content-background-meta":{"desktop":{"background-color":"var(--ast-global-color-5)","background-image":"","background-repeat":"repeat","background-position":"center center","background-size":"auto","background-attachment":"scroll","background-type":"","background-media":"","overlay-type":"","overlay-color":"","overlay-opacity":"","overlay-gradient":""},"tablet":{"background-color":"var(--ast-global-color-5)","background-image":"","background-repeat":"repeat","background-position":"center center","background-size":"auto","background-attachment":"scroll","background-type":"","background-media":"","overlay-type":"","overlay-color":"","overlay-opacity":"","overlay-gradient":""},"mobile":{"background-color":"var(--ast-global-color-5)","background-image":"","background-repeat":"repeat","background-position":"center center","background-size":"auto","background-attachment":"scroll","background-type":"","background-media":"","overlay-type":"","overlay-color":"","overlay-opacity":"","overlay-gradient":""}}},"product_brand":[],"product_cat":[39,40],"product_tag":[],"class_list":{"0":"post-4395","1":"product","2":"type-product","3":"status-publish","4":"has-post-thumbnail","6":"product_cat-kremek","7":"product_cat-osszes-termek","8":"desktop-align-left","9":"tablet-align-left","10":"mobile-align-left","12":"first","13":"instock","14":"shipping-taxable","15":"purchasable","16":"product-type-simple"},"yoast_head":"<!-- This site is optimized with the Yoast SEO plugin v27.3 - https:\/\/yoast.com\/product\/yoast-seo-wordpress\/ -->\n<title>Hyaluron g\u00e9l - EINNALAB Hyaluron g\u00e9l<\/title>\n<meta name=\"description\" content=\"A hyaluron g\u00e9l hat\u00e9konyan t\u00e1mogatja a b\u0151r nedvess\u00e9gmegk\u00f6t\u0151 k\u00e9pess\u00e9g\u00e9t, \u00edgy rendszeres haszn\u00e1lat mellett a b\u0151r puh\u00e1bb, telt hat\u00e1s\u00fa \u00e9s rugalmasabb lehet.\" \/>\n<meta name=\"robots\" content=\"index, follow, max-snippet:-1, max-image-preview:large, max-video-preview:-1\" \/>\n<link rel=\"canonical\" href=\"https:\/\/einnalab.hu\/de\/produkt\/hyaluron-gel\/\" \/>\n<meta property=\"og:locale\" content=\"de_DE\" \/>\n<meta property=\"og:type\" content=\"article\" \/>\n<meta property=\"og:title\" content=\"Hyaluron g\u00e9l\" \/>\n<meta property=\"og:description\" content=\"A hyaluron g\u00e9l hat\u00e9konyan t\u00e1mogatja a b\u0151r nedvess\u00e9gmegk\u00f6t\u0151 k\u00e9pess\u00e9g\u00e9t, \u00edgy rendszeres haszn\u00e1lat mellett a b\u0151r puh\u00e1bb, telt hat\u00e1s\u00fa \u00e9s rugalmasabb lehet.\" \/>\n<meta property=\"og:url\" content=\"https:\/\/einnalab.hu\/de\/produkt\/hyaluron-gel\/\" \/>\n<meta property=\"og:site_name\" content=\"EINNALAB\" \/>\n<meta property=\"article:modified_time\" content=\"2026-01-07T07:53:28+00:00\" \/>\n<meta property=\"og:image\" content=\"https:\/\/einnalab.hu\/wp-content\/uploads\/2025\/12\/hyalurong-gel-einnalab-bathroom.jpg\" \/>\n\t<meta property=\"og:image:width\" content=\"1200\" \/>\n\t<meta property=\"og:image:height\" content=\"1200\" \/>\n\t<meta property=\"og:image:type\" content=\"image\/jpeg\" \/>\n<meta name=\"twitter:card\" content=\"summary_large_image\" \/>\n<meta name=\"twitter:label1\" content=\"Gesch\u00e4tzte Lesezeit\" \/>\n\t<meta name=\"twitter:data1\" content=\"1\u00a0Minute\" \/>\n<script type=\"application\/ld+json\" class=\"yoast-schema-graph\">{\"@context\":\"https:\\\/\\\/schema.org\",\"@graph\":[{\"@type\":\"WebPage\",\"@id\":\"https:\\\/\\\/einnalab.hu\\\/termek\\\/hyaluron-gel\\\/\",\"url\":\"https:\\\/\\\/einnalab.hu\\\/termek\\\/hyaluron-gel\\\/\",\"name\":\"Hyaluron g\u00e9l - EINNALAB Hyaluron g\u00e9l\",\"isPartOf\":{\"@id\":\"https:\\\/\\\/einnalab.hu\\\/#website\"},\"primaryImageOfPage\":{\"@id\":\"https:\\\/\\\/einnalab.hu\\\/termek\\\/hyaluron-gel\\\/#primaryimage\"},\"image\":{\"@id\":\"https:\\\/\\\/einnalab.hu\\\/termek\\\/hyaluron-gel\\\/#primaryimage\"},\"thumbnailUrl\":\"https:\\\/\\\/einnalab.hu\\\/wp-content\\\/uploads\\\/2025\\\/12\\\/hyaluron-gel-einnalab.png\",\"datePublished\":\"2025-12-05T12:45:23+00:00\",\"dateModified\":\"2026-01-07T07:53:28+00:00\",\"description\":\"A hyaluron g\u00e9l hat\u00e9konyan t\u00e1mogatja a b\u0151r nedvess\u00e9gmegk\u00f6t\u0151 k\u00e9pess\u00e9g\u00e9t, \u00edgy rendszeres haszn\u00e1lat mellett a b\u0151r puh\u00e1bb, telt hat\u00e1s\u00fa \u00e9s rugalmasabb lehet.\",\"breadcrumb\":{\"@id\":\"https:\\\/\\\/einnalab.hu\\\/termek\\\/hyaluron-gel\\\/#breadcrumb\"},\"inLanguage\":\"de\",\"potentialAction\":[{\"@type\":\"ReadAction\",\"target\":[\"https:\\\/\\\/einnalab.hu\\\/termek\\\/hyaluron-gel\\\/\"]}]},{\"@type\":\"ImageObject\",\"inLanguage\":\"de\",\"@id\":\"https:\\\/\\\/einnalab.hu\\\/termek\\\/hyaluron-gel\\\/#primaryimage\",\"url\":\"https:\\\/\\\/einnalab.hu\\\/wp-content\\\/uploads\\\/2025\\\/12\\\/hyaluron-gel-einnalab.png\",\"contentUrl\":\"https:\\\/\\\/einnalab.hu\\\/wp-content\\\/uploads\\\/2025\\\/12\\\/hyaluron-gel-einnalab.png\",\"width\":1200,\"height\":1200},{\"@type\":\"BreadcrumbList\",\"@id\":\"https:\\\/\\\/einnalab.hu\\\/termek\\\/hyaluron-gel\\\/#breadcrumb\",\"itemListElement\":[{\"@type\":\"ListItem\",\"position\":1,\"name\":\"Kezd\u0151lap\",\"item\":\"https:\\\/\\\/einnalab.hu\\\/\"},{\"@type\":\"ListItem\",\"position\":2,\"name\":\"Shop\",\"item\":\"https:\\\/\\\/einnalab.hu\\\/shop\\\/\"},{\"@type\":\"ListItem\",\"position\":3,\"name\":\"Hyaluron g\u00e9l\"}]},{\"@type\":\"WebSite\",\"@id\":\"https:\\\/\\\/einnalab.hu\\\/#website\",\"url\":\"https:\\\/\\\/einnalab.hu\\\/\",\"name\":\"EINNALAB\",\"description\":\"\",\"publisher\":{\"@id\":\"https:\\\/\\\/einnalab.hu\\\/#organization\"},\"potentialAction\":[{\"@type\":\"SearchAction\",\"target\":{\"@type\":\"EntryPoint\",\"urlTemplate\":\"https:\\\/\\\/einnalab.hu\\\/?s={search_term_string}\"},\"query-input\":{\"@type\":\"PropertyValueSpecification\",\"valueRequired\":true,\"valueName\":\"search_term_string\"}}],\"inLanguage\":\"de\"},{\"@type\":\"Organization\",\"@id\":\"https:\\\/\\\/einnalab.hu\\\/#organization\",\"name\":\"EINNALAB\",\"url\":\"https:\\\/\\\/einnalab.hu\\\/\",\"logo\":{\"@type\":\"ImageObject\",\"inLanguage\":\"de\",\"@id\":\"https:\\\/\\\/einnalab.hu\\\/#\\\/schema\\\/logo\\\/image\\\/\",\"url\":\"https:\\\/\\\/einnalab.hu\\\/wp-content\\\/uploads\\\/2023\\\/03\\\/cropped-einnalab-logo-feher.png\",\"contentUrl\":\"https:\\\/\\\/einnalab.hu\\\/wp-content\\\/uploads\\\/2023\\\/03\\\/cropped-einnalab-logo-feher.png\",\"width\":2911,\"height\":969,\"caption\":\"EINNALAB\"},\"image\":{\"@id\":\"https:\\\/\\\/einnalab.hu\\\/#\\\/schema\\\/logo\\\/image\\\/\"}}]}<\/script>\n<!-- \/ Yoast SEO plugin. -->","yoast_head_json":{"title":"Hyaluron g\u00e9l - EINNALAB Hyaluron g\u00e9l","description":"A hyaluron g\u00e9l hat\u00e9konyan t\u00e1mogatja a b\u0151r nedvess\u00e9gmegk\u00f6t\u0151 k\u00e9pess\u00e9g\u00e9t, \u00edgy rendszeres haszn\u00e1lat mellett a b\u0151r puh\u00e1bb, telt hat\u00e1s\u00fa \u00e9s rugalmasabb lehet.","robots":{"index":"index","follow":"follow","max-snippet":"max-snippet:-1","max-image-preview":"max-image-preview:large","max-video-preview":"max-video-preview:-1"},"canonical":"https:\/\/einnalab.hu\/de\/produkt\/hyaluron-gel\/","og_locale":"de_DE","og_type":"article","og_title":"Hyaluron g\u00e9l","og_description":"A hyaluron g\u00e9l hat\u00e9konyan t\u00e1mogatja a b\u0151r nedvess\u00e9gmegk\u00f6t\u0151 k\u00e9pess\u00e9g\u00e9t, \u00edgy rendszeres haszn\u00e1lat mellett a b\u0151r puh\u00e1bb, telt hat\u00e1s\u00fa \u00e9s rugalmasabb lehet.","og_url":"https:\/\/einnalab.hu\/de\/produkt\/hyaluron-gel\/","og_site_name":"EINNALAB","article_modified_time":"2026-01-07T07:53:28+00:00","og_image":[{"width":1200,"height":1200,"url":"https:\/\/einnalab.hu\/wp-content\/uploads\/2025\/12\/hyalurong-gel-einnalab-bathroom.jpg","type":"image\/jpeg"}],"twitter_card":"summary_large_image","twitter_misc":{"Gesch\u00e4tzte Lesezeit":"1\u00a0Minute"},"schema":{"@context":"https:\/\/schema.org","@graph":[{"@type":"WebPage","@id":"https:\/\/einnalab.hu\/termek\/hyaluron-gel\/","url":"https:\/\/einnalab.hu\/termek\/hyaluron-gel\/","name":"Hyaluron g\u00e9l - EINNALAB Hyaluron g\u00e9l","isPartOf":{"@id":"https:\/\/einnalab.hu\/#website"},"primaryImageOfPage":{"@id":"https:\/\/einnalab.hu\/termek\/hyaluron-gel\/#primaryimage"},"image":{"@id":"https:\/\/einnalab.hu\/termek\/hyaluron-gel\/#primaryimage"},"thumbnailUrl":"https:\/\/einnalab.hu\/wp-content\/uploads\/2025\/12\/hyaluron-gel-einnalab.png","datePublished":"2025-12-05T12:45:23+00:00","dateModified":"2026-01-07T07:53:28+00:00","description":"A hyaluron g\u00e9l hat\u00e9konyan t\u00e1mogatja a b\u0151r nedvess\u00e9gmegk\u00f6t\u0151 k\u00e9pess\u00e9g\u00e9t, \u00edgy rendszeres haszn\u00e1lat mellett a b\u0151r puh\u00e1bb, telt hat\u00e1s\u00fa \u00e9s rugalmasabb lehet.","breadcrumb":{"@id":"https:\/\/einnalab.hu\/termek\/hyaluron-gel\/#breadcrumb"},"inLanguage":"de","potentialAction":[{"@type":"ReadAction","target":["https:\/\/einnalab.hu\/termek\/hyaluron-gel\/"]}]},{"@type":"ImageObject","inLanguage":"de","@id":"https:\/\/einnalab.hu\/termek\/hyaluron-gel\/#primaryimage","url":"https:\/\/einnalab.hu\/wp-content\/uploads\/2025\/12\/hyaluron-gel-einnalab.png","contentUrl":"https:\/\/einnalab.hu\/wp-content\/uploads\/2025\/12\/hyaluron-gel-einnalab.png","width":1200,"height":1200},{"@type":"BreadcrumbList","@id":"https:\/\/einnalab.hu\/termek\/hyaluron-gel\/#breadcrumb","itemListElement":[{"@type":"ListItem","position":1,"name":"Kezd\u0151lap","item":"https:\/\/einnalab.hu\/"},{"@type":"ListItem","position":2,"name":"Shop","item":"https:\/\/einnalab.hu\/shop\/"},{"@type":"ListItem","position":3,"name":"Hyaluron g\u00e9l"}]},{"@type":"WebSite","@id":"https:\/\/einnalab.hu\/#website","url":"https:\/\/einnalab.hu\/","name":"EINNALAB","description":"","publisher":{"@id":"https:\/\/einnalab.hu\/#organization"},"potentialAction":[{"@type":"SearchAction","target":{"@type":"EntryPoint","urlTemplate":"https:\/\/einnalab.hu\/?s={search_term_string}"},"query-input":{"@type":"PropertyValueSpecification","valueRequired":true,"valueName":"search_term_string"}}],"inLanguage":"de"},{"@type":"Organization","@id":"https:\/\/einnalab.hu\/#organization","name":"EINNALAB","url":"https:\/\/einnalab.hu\/","logo":{"@type":"ImageObject","inLanguage":"de","@id":"https:\/\/einnalab.hu\/#\/schema\/logo\/image\/","url":"https:\/\/einnalab.hu\/wp-content\/uploads\/2023\/03\/cropped-einnalab-logo-feher.png","contentUrl":"https:\/\/einnalab.hu\/wp-content\/uploads\/2023\/03\/cropped-einnalab-logo-feher.png","width":2911,"height":969,"caption":"EINNALAB"},"image":{"@id":"https:\/\/einnalab.hu\/#\/schema\/logo\/image\/"}}]}},"_links":{"self":[{"href":"https:\/\/einnalab.hu\/de\/wp-json\/wp\/v2\/product\/4395","targetHints":{"allow":["GET"]}}],"collection":[{"href":"https:\/\/einnalab.hu\/de\/wp-json\/wp\/v2\/product"}],"about":[{"href":"https:\/\/einnalab.hu\/de\/wp-json\/wp\/v2\/types\/product"}],"replies":[{"embeddable":true,"href":"https:\/\/einnalab.hu\/de\/wp-json\/wp\/v2\/comments?post=4395"}],"wp:featuredmedia":[{"embeddable":true,"href":"https:\/\/einnalab.hu\/de\/wp-json\/wp\/v2\/media\/4398"}],"wp:attachment":[{"href":"https:\/\/einnalab.hu\/de\/wp-json\/wp\/v2\/media?parent=4395"}],"wp:term":[{"taxonomy":"product_brand","embeddable":true,"href":"https:\/\/einnalab.hu\/de\/wp-json\/wp\/v2\/product_brand?post=4395"},{"taxonomy":"product_cat","embeddable":true,"href":"https:\/\/einnalab.hu\/de\/wp-json\/wp\/v2\/product_cat?post=4395"},{"taxonomy":"product_tag","embeddable":true,"href":"https:\/\/einnalab.hu\/de\/wp-json\/wp\/v2\/product_tag?post=4395"}],"curies":[{"name":"wp","href":"https:\/\/api.w.org\/{rel}","templated":true}]}}