{"id":4033,"date":"2025-07-21T12:55:08","date_gmt":"2025-07-21T12:55:08","guid":{"rendered":"https:\/\/einnalab.hu\/?post_type=product&#038;p=4033"},"modified":"2026-04-01T07:07:03","modified_gmt":"2026-04-01T07:07:03","slug":"dupla-csomag-deer-placenta-2x-30-000-mg","status":"publish","type":"product","link":"https:\/\/einnalab.hu\/de\/produkt\/dupla-csomag-deer-placenta-2x-30-000-mg\/","title":{"rendered":"Doppelpack Deer Placenta \u2013 2 \u00d7 30.000 mg"},"content":{"rendered":"<h6>Warum empfehlen wir Deer Placenta Stammzellkapseln?<\/h6>\n<p><span class=\"OYPEnA text-decoration-none text-strikethrough-none\">Eines der wichtigsten Themen in der heutigen Stammzellforschung ist die Reproduktion adulter Stammzellen. Je mehr Stammzellen im Blut vorhanden sind, desto besser f\u00fcr den K\u00f6rper. <\/span><span class=\"OYPEnA text-decoration-none text-strikethrough-none\">Az \u0151ssejt kapszula lehet\u0151s\u00e9get adhat arra, hogy az emberi szervezet regener\u00e1ci\u00f3s k\u00e9pess\u00e9ge hat\u00e9konyabban m\u0171k\u00f6dhessen, hiszen a<\/span>Stammzellen sind die nat\u00fcrlichen Bausteine \u200b\u200bdes menschlichen K\u00f6rpers und k\u00f6nnen verschiedene K\u00f6rperteile erneuern und reparieren. Die Kapseln von Einnalab enthalten die Kraft von Hirschplazenta-Stammzellen, die mit menschlichen Stammzellen sehr gut kompatibel sind. Dieser einzigartige nat\u00fcrliche Inhaltsstoff kann eine wichtige Rolle bei der Verlangsamung der Alterungsprozesse des K\u00f6rpers und der Verbesserung der Gesundheit spielen. <span class=\"OYPEnA text-decoration-none text-strikethrough-none\">Mithilfe eines speziellen Botenstoffs gelangt die Stammzellkapsel in die Organe. Wenn es am \u201eZielgebiet\u201c ankommt, nutzt es seine Teilungsf\u00e4higkeit, sendet seine Kopie weiter und integriert sich selbst und wird zu den Zellen des Organs. <\/span>Es kann die \u201eruhenden\u201c Stammzellen des K\u00f6rpers stimulieren, die besch\u00e4digte, degenerierte Zellen ersetzen und so neue Nervenzellverbindungen und flexibleres Bindegewebe schaffen.<\/p>\n<h6>Doch was enth\u00e4lt die Hirschplazenta-Stammzellkapsel?<\/h6>\n<p>Hirschplazenta-Stammzellkapseln sind ein hochkonzentriertes, leicht absorbierbares Nahrungserg\u00e4nzungsmittel mit den folgenden Hauptbestandteilen:<\/p>\n<ol>\n<li><strong>Plazenta-Stammzellen von Hirschen:<\/strong> Diese Stammzellen in Kapseln k\u00f6nnen die Regenerationsprozesse des K\u00f6rpers unterst\u00fctzen, die Hautelastizit\u00e4t verbessern und das Immunsystem unterst\u00fctzen.<\/li>\n<li><strong>Antioxidantien:<\/strong> Antioxidantien k\u00f6nnen Ihrem K\u00f6rper dabei helfen, freie Radikale zu bek\u00e4mpfen, die Zellsch\u00e4den und Entz\u00fcndungen verursachen k\u00f6nnen.<\/li>\n<li><strong>Vitamine und Mineralien:<\/strong> Hirschplazenta-Stammzellkapseln sind reich an Vitaminen und Mineralstoffen, die zur Erhaltung der allgemeinen Gesundheit und Vitalit\u00e4t beitragen k\u00f6nnen.<\/li>\n<\/ol>\n<h6>Wie verwenden Sie Hirschplazenta-Stammzellkapseln?<\/h6>\n<p>Die Kapseln lassen sich leicht in die t\u00e4gliche Ern\u00e4hrung integrieren. Empfohlene Dosierung: f\u00fcr Erwachsene 2\u00d71 oder 2\u00d72 Kapseln pro Tag zu einer Mahlzeit oder einem Glas Wasser.<\/p>\n<p>Sie k\u00f6nnen das Produkt auch in einer Packung (1 Monatsdosis) kaufen, es wird jedoch eine 6-monatige Kur empfohlen. W\u00e4hrend der 6-monatigen Kur haben Zellen, Organe und Gewebe Zeit zur Regeneration.<\/p>\n<p>Die Ergebnisse k\u00f6nnen je nach Zeitraum variieren, viele Menschen bemerken die Verbesserung jedoch bereits nach wenigen Wochen, manche Menschen bemerken die Verbesserung erst nach 1-2 Monaten. Es kann auch vorkommen, dass sich die Beschwerden bei Beginn der Kapseleinnahme in den ersten Tagen verschlimmern, bevor es zu einer Besserung kommt. Dies wird als Heilungskrise bezeichnet. Dieses Ph\u00e4nomen ist das Ergebnis der aktiven Funktion der Selbstheilungsmechanismen des K\u00f6rpers und tritt auf, weil der K\u00f6rper sich von Giftstoffen reinigt oder sich ins Gleichgewicht bringt.<\/p>\n<p>Die Kapsel enth\u00e4lt ausschlie\u00dflich nat\u00fcrliche Inhaltsstoffe.<\/p>\n<h6>Warum sollten Sie sich f\u00fcr das Produkt von Einnalab entscheiden?<\/h6>\n<p>Einnalab setzt auf Qualit\u00e4t und Innovation. Unsere Produkte werden aus sorgf\u00e4ltig ausgew\u00e4hlten Zutaten hergestellt, um h\u00f6chste Qualit\u00e4t und Wirksamkeit zu gew\u00e4hrleisten.<span class=\"OYPEnA text-decoration-none text-strikethrough-none\">\u00a0<\/span><\/p>\n<p class=\"cvGsUA direction-ltr align-center para-style-body\"><span class=\"OYPEnA text-decoration-none text-strikethrough-none\">Das Besondere an der EINNALAB Deer Placenta-Kapsel ist, dass sie sich durch mitotische Zellteilung weitgehend in K\u00f6rperzellen differenzieren kann, die spezielle K\u00f6rperfunktionen erf\u00fcllen.\u00a0<\/span><\/p>\n<p>&nbsp;<\/p>\n<h6>Jede Stammzellkapsel enth\u00e4lt:<\/h6>\n<ol>\n<li><strong>Hirschplazenta Pulver 300 mg<\/strong> Anti-Aging-Wirkung, Verbesserung des Hormonhaushalts, Verbesserung von Menstruationsst\u00f6rungen\/-schmerzen.<\/li>\n<li><strong>Borretsch\u00f6l 200 mg:<\/strong> Es dient der Verbesserung des Hautzustandes und tr\u00e4gt zur Aufrechterhaltung des Cholesterinspiegels bei.<\/li>\n<li><strong>Squalen 150 mg:<\/strong> Es regt den Stoffwechsel an, ist reich an EPA und DHA und verbessert die Durchblutung.<\/li>\n<li><strong>Avocado\u00f6l 100 mg:<\/strong> Reich an \u03b2-Carotin und Kalium, liefert es die vom K\u00f6rper ben\u00f6tigten Fetts\u00e4uren und wirkt als starkes Antioxidans.<\/li>\n<li><strong>Gefriergetrocknetes Meereskollagenpulver 100 mg:<\/strong> Dieser Meerestierextrakt enth\u00e4lt 18 Arten von Aminos\u00e4uren, st\u00e4rkt das Immunsystem und tr\u00e4gt zur Erhaltung der Jugendlichkeit der Haut bei. Es liegt in Peptidform vor, was eine zehnmal bessere Absorption gew\u00e4hrleistet.<\/li>\n<li><strong>Nachtkerzen\u00f6l 100 mg:<\/strong> Es ist reich an Vitaminen und Mineralstoffen, reguliert die Vitalit\u00e4t, regt den Stoffwechsel an, wird zur Wundheilung und innerlich gegen Asthma und Erk\u00e4ltungen eingesetzt.<\/li>\n<li><strong>6 % Lycopin\u00f6l 50 mg:<\/strong> Nat\u00fcrliche Carotinoide, sogenannte Superantioxidantien, f\u00f6rdern den Stoffwechsel.<\/li>\n<li><strong>Laminaria japonica-Blattextrakt 50 mg:<\/strong> Es ist eine ausgezeichnete Quelle f\u00fcr Proteine, Mineralien und Antioxidantien, st\u00e4rkt das Immunsystem des K\u00f6rpers und tr\u00e4gt zur Erhaltung der Gesundheit des Darms und des Verdauungssystems bei.<\/li>\n<li><strong>Dendrobium extract 20 mg:<\/strong> Es bek\u00e4mpft M\u00fcdigkeit, f\u00f6rdert die Durchblutung, erh\u00e4lt die Beweglichkeit der Gelenke, n\u00e4hrt den Magen und befeuchtet die Lunge.<\/li>\n<li><strong>Traubenkernextrakt 20 mg:<\/strong> Es enth\u00e4lt starke Antioxidantien, die den Blutdruck senken, die Durchblutung verbessern, oxidative Sch\u00e4den reduzieren und dabei helfen, den Kollagenspiegel zu erh\u00f6hen und die Knochenst\u00e4rke aufrechtzuerhalten.<\/li>\n<li><strong>Aloe Vera-Extrakt 10 mg:<\/strong> Eine ausgezeichnete Quelle f\u00fcr Aminos\u00e4uren mit aktiven Enzymen, Vitaminen und N\u00e4hrstoffkomplexen. Es st\u00e4rkt das Immunsystem des K\u00f6rpers und verbessert die Verdauung.<\/li>\n<li><strong>Vitamin E:<\/strong> Es reguliert den Cholesterinspiegel, bek\u00e4mpft freie Radikale, regeneriert gesch\u00e4digte Haut, bereichert das Haar, reguliert Hormone, hilft bei PMS-Symptomen und verbessert das Sehverm\u00f6gen.<\/li>\n<\/ol>\n<h6 data-start=\"216\" data-end=\"260\">Herkunft der Zutaten und Herstellungsinformationen<\/h6>\n<p data-start=\"262\" data-end=\"578\"><strong data-start=\"262\" data-end=\"286\">Quelle der Zutat<\/strong><br data-start=\"286\" data-end=\"289\" \/>A term\u00e9kben felhaszn\u00e1lt szarvasplacenta-kivonat teny\u00e9sztett szarvasokt\u00f3l sz\u00e1rmazik, jellemz\u0151en g\u00edmszarvast\u00f3l (<em data-start=\"399\" data-end=\"415\">Cervus elaphus<\/em>) vagy k\u00f6zeli rokon, jogszer\u0171en teny\u00e9sztett szarvasfajokt\u00f3l. Az alapanyag nem vadon \u00e9l\u0151 \u00e1llatokb\u00f3l sz\u00e1rmazik, \u00e9s nem vesz\u00e9lyeztetett fajok felhaszn\u00e1l\u00e1s\u00e1val k\u00e9sz\u00fcl.<\/p>\n<p data-start=\"580\" data-end=\"925\"><strong data-start=\"580\" data-end=\"605\">Haltungsbedingungen<\/strong><br data-start=\"605\" data-end=\"608\" \/>Die Hirsche werden in lizenzierten, regulierten landwirtschaftlichen Betrieben gehalten, haupts\u00e4chlich in Australien und Neuseeland, wo die Hirschzucht ein etabliertes und gesetzlich geregeltes Gewerbe ist. Die Farmen arbeiten gem\u00e4\u00df den geltenden Vorschriften f\u00fcr Tierschutz, Veterin\u00e4rwesen und R\u00fcckverfolgbarkeit.<\/p>\n<p data-start=\"927\" data-end=\"1200\"><strong data-start=\"927\" data-end=\"961\">Methode der Plazenta-Gewinnung<\/strong><br data-start=\"961\" data-end=\"964\" \/>Die Plazenta wird ausschlie\u00dflich nach nat\u00fcrlicher Geburt gesammelt. Die Sammlung schadet den Tieren nicht und t\u00f6tet sie nicht; die Verfahren entsprechen den landwirtschaftlichen und hygienischen Standards, \u00e4hnlich wie bei anderen tierischen N\u00e4hrstoffbestandteilen, z.\u202fB. Kolostrum.<\/p>\n<p data-start=\"1202\" data-end=\"1585\"><strong data-start=\"1202\" data-end=\"1249\">Rechtliche Konformit\u00e4t und Qualit\u00e4tssicherung<\/strong><br data-start=\"1249\" data-end=\"1252\" \/>Der Hirschplazenta-Extrakt stammt aus legaler Quelle und wird gem\u00e4\u00df den geltenden Vorschriften verarbeitet. Die Produktion erfolgt in einem kontrollierten Umfeld nach Lebensmittelsicherheits- und Qualit\u00e4tsstandards, und die Endprodukte unterliegen regelm\u00e4\u00dfigen Kontrollen und Tests, um Qualit\u00e4t und Sicherheit zu gew\u00e4hrleisten.<\/p>\n<p data-start=\"1587\" data-end=\"1841\"><strong data-start=\"1587\" data-end=\"1622\">Unternehmenshintergrund und Vertrieb<\/strong><br data-start=\"1622\" data-end=\"1625\" \/>Einnalab setzt auf Qualit\u00e4t und Innovation. Unsere Produkte werden aus sorgf\u00e4ltig ausgew\u00e4hlten Zutaten hergestellt, um h\u00f6chste Qualit\u00e4t und Wirksamkeit zu gew\u00e4hrleisten.<span class=\"OYPEnA text-decoration-none text-strikethrough-none\"> Unser Unternehmen ist in der Slowakei registriert, daher ist dieses Nahrungserg\u00e4nzungsmittel bei den slowakischen Beh\u00f6rden gemeldet und entspricht den slowakischen Vorschriften (Natur Medical S.r.o).<\/span><\/p>\n<p><strong>Kommentar<\/strong><\/p>\n<p>\u00dcberschreiten Sie nicht die empfohlene t\u00e4gliche Verzehrmenge! Au\u00dferhalb der Reichweite von kleinen Kindern aufbewahren.<br \/>\nAllurarot: kann die Aktivit\u00e4t und Aufmerksamkeit von Kindern beeintr\u00e4chtigen.<br \/>\nDas Nahrungserg\u00e4nzungsmittel ersetzt nicht eine ausgewogene, abwechslungsreiche Ern\u00e4hrung und eine gesunde Lebensweise!<br \/>\nAn einem trockenen und k\u00fchlen Ort bei maximal 30\u00b0C lagern.<br \/>\nEmpfohlene Dosierung: f\u00fcr Erwachsene 2\u00d71 oder 2\u00d72 Kapseln pro Tag zu einer Mahlzeit oder einem Glas Wasser.<\/p>\n<p>Inhalt: 2 \u00d7 60 Kapseln<\/p>\n<p>Nettogewicht: 80,37 g<\/p>\n<p>Herkunftsland: Neuseeland<\/p>\n<p>&nbsp;<\/p>","protected":false},"excerpt":{"rendered":"<p style=\"font-weight: 400;\"><strong>Hirschplazenta 30.000 mg \u00d7 60 Kapseln x2<\/strong><\/p>\n<p data-start=\"317\" data-end=\"538\">Die Deer Placenta Kapsel ist ein Nahrungserg\u00e4nzungsmittel, das Hirschplazenta-Extrakt enth\u00e4lt und zur Unterst\u00fctzung des allgemeinen Wohlbefindens und der t\u00e4glichen Vitalit\u00e4t entwickelt wurde, in Kombination mit einer ausgewogenen Ern\u00e4hrung und einem gesunden Lebensstil.<\/p>\n<p data-start=\"540\" data-end=\"804\">Der Hauptbestandteil des Produkts ist Plazenta-Extrakt von gez\u00fcchteten Hirschen. Hirschplazenta enth\u00e4lt auf nat\u00fcrliche Weise verschiedene N\u00e4hrstoffe und bioaktive Komponenten, weshalb sie traditionell als Bestandteil funktioneller Nahrungserg\u00e4nzungsmittel verwendet wird.<\/p>\n<p data-start=\"806\" data-end=\"995\">Die tierischen Inhaltsstoffe stammen aus sorgf\u00e4ltig kontrollierten Quellen, und die Herstellung erfolgt gem\u00e4\u00df den geltenden Vorschriften f\u00fcr Lebensmittelsicherheit und Qualit\u00e4tsstandards.<\/p>\n<p data-start=\"997\" data-end=\"1207\">Die Deer Placenta Kapsel dient als Nahrungserg\u00e4nzungsmittel und ersetzt keine abwechslungsreiche und ausgewogene Ern\u00e4hrung. Die Einnahme des Produkts gilt bei Einhaltung der empfohlenen Dosierung als sicher.<\/p>","protected":false},"featured_media":4020,"comment_status":"open","ping_status":"closed","template":"","meta":{"om_disable_all_campaigns":false,"_monsterinsights_skip_tracking":false,"_monsterinsights_sitenote_active":false,"_monsterinsights_sitenote_note":"","_monsterinsights_sitenote_category":0,"site-sidebar-layout":"default","site-content-layout":"default","ast-site-content-layout":"default","site-content-style":"default","site-sidebar-style":"default","ast-global-header-display":"","ast-banner-title-visibility":"","ast-main-header-display":"","ast-hfb-above-header-display":"","ast-hfb-below-header-display":"","ast-hfb-mobile-header-display":"","site-post-title":"","ast-breadcrumbs-content":"","ast-featured-img":"","footer-sml-layout":"","ast-disable-related-posts":"","theme-transparent-header-meta":"default","adv-header-id-meta":"","stick-header-meta":"","header-above-stick-meta":"","header-main-stick-meta":"","header-below-stick-meta":"","astra-migrate-meta-layouts":"set","ast-page-background-enabled":"default","ast-page-background-meta":{"desktop":{"background-color":"","background-image":"","background-repeat":"repeat","background-position":"center center","background-size":"auto","background-attachment":"scroll","background-type":"","background-media":"","overlay-type":"","overlay-color":"","overlay-opacity":"","overlay-gradient":""},"tablet":{"background-color":"","background-image":"","background-repeat":"repeat","background-position":"center center","background-size":"auto","background-attachment":"scroll","background-type":"","background-media":"","overlay-type":"","overlay-color":"","overlay-opacity":"","overlay-gradient":""},"mobile":{"background-color":"","background-image":"","background-repeat":"repeat","background-position":"center center","background-size":"auto","background-attachment":"scroll","background-type":"","background-media":"","overlay-type":"","overlay-color":"","overlay-opacity":"","overlay-gradient":""}},"ast-content-background-meta":{"desktop":{"background-color":"var(--ast-global-color-5)","background-image":"","background-repeat":"repeat","background-position":"center center","background-size":"auto","background-attachment":"scroll","background-type":"","background-media":"","overlay-type":"","overlay-color":"","overlay-opacity":"","overlay-gradient":""},"tablet":{"background-color":"var(--ast-global-color-5)","background-image":"","background-repeat":"repeat","background-position":"center center","background-size":"auto","background-attachment":"scroll","background-type":"","background-media":"","overlay-type":"","overlay-color":"","overlay-opacity":"","overlay-gradient":""},"mobile":{"background-color":"var(--ast-global-color-5)","background-image":"","background-repeat":"repeat","background-position":"center center","background-size":"auto","background-attachment":"scroll","background-type":"","background-media":"","overlay-type":"","overlay-color":"","overlay-opacity":"","overlay-gradient":""}}},"product_brand":[],"product_cat":[32,40,38],"product_tag":[],"class_list":{"0":"post-4033","1":"product","2":"type-product","3":"status-publish","4":"has-post-thumbnail","6":"product_cat-etrendkiegeszito-deer-placenta","7":"product_cat-osszes-termek","8":"product_cat-uj-formula","9":"desktop-align-left","10":"tablet-align-left","11":"mobile-align-left","13":"first","14":"instock","15":"sale","16":"shipping-taxable","17":"purchasable","18":"product-type-simple"},"yoast_head":"<!-- This site is optimized with the Yoast SEO plugin v27.3 - https:\/\/yoast.com\/product\/yoast-seo-wordpress\/ -->\n<title>\u0150ssejt kapszula - Dupla csomag Deer Placenta 2x 30.000 mg<\/title>\n<meta name=\"description\" content=\"\u0150ssejt kapszula: seg\u00edt visszaford\u00edtani az \u00f6reged\u00e9si folyamatot, emellett az \u0151ssejt\u00a0a t\u00e1panyagok \u00e9s n\u00f6veked\u00e9si faktorok gazdag forr\u00e1sa.\" \/>\n<meta name=\"robots\" content=\"index, follow, max-snippet:-1, max-image-preview:large, max-video-preview:-1\" \/>\n<link rel=\"canonical\" href=\"https:\/\/einnalab.hu\/de\/produkt\/dupla-csomag-deer-placenta-2x-30-000-mg\/\" \/>\n<meta property=\"og:locale\" content=\"de_DE\" \/>\n<meta property=\"og:type\" content=\"article\" \/>\n<meta property=\"og:title\" content=\"\u0150ssejt kapszula - Dupla csomag Deer Placenta 2x 30.000 mg\" \/>\n<meta property=\"og:description\" content=\"\u0150ssejt kapszula: seg\u00edt visszaford\u00edtani az \u00f6reged\u00e9si folyamatot, emellett az \u0151ssejt\u00a0a t\u00e1panyagok \u00e9s n\u00f6veked\u00e9si faktorok gazdag forr\u00e1sa.\" \/>\n<meta property=\"og:url\" content=\"https:\/\/einnalab.hu\/de\/produkt\/dupla-csomag-deer-placenta-2x-30-000-mg\/\" \/>\n<meta property=\"og:site_name\" content=\"EINNALAB\" \/>\n<meta property=\"article:modified_time\" content=\"2026-04-01T07:07:03+00:00\" \/>\n<meta property=\"og:image\" content=\"https:\/\/einnalab.hu\/wp-content\/uploads\/2025\/07\/deer-placenta-uj-formula-dupla-csomag-1.png\" \/>\n\t<meta property=\"og:image:width\" content=\"1200\" \/>\n\t<meta property=\"og:image:height\" content=\"1200\" \/>\n\t<meta property=\"og:image:type\" content=\"image\/png\" \/>\n<meta name=\"twitter:card\" content=\"summary_large_image\" \/>\n<meta name=\"twitter:label1\" content=\"Gesch\u00e4tzte Lesezeit\" \/>\n\t<meta name=\"twitter:data1\" content=\"6\u00a0Minuten\" \/>\n<script type=\"application\/ld+json\" class=\"yoast-schema-graph\">{\"@context\":\"https:\\\/\\\/schema.org\",\"@graph\":[{\"@type\":\"WebPage\",\"@id\":\"https:\\\/\\\/einnalab.hu\\\/termek\\\/dupla-csomag-deer-placenta-2x-30-000-mg\\\/\",\"url\":\"https:\\\/\\\/einnalab.hu\\\/termek\\\/dupla-csomag-deer-placenta-2x-30-000-mg\\\/\",\"name\":\"\u0150ssejt kapszula - Dupla csomag Deer Placenta 2x 30.000 mg\",\"isPartOf\":{\"@id\":\"https:\\\/\\\/einnalab.hu\\\/#website\"},\"primaryImageOfPage\":{\"@id\":\"https:\\\/\\\/einnalab.hu\\\/termek\\\/dupla-csomag-deer-placenta-2x-30-000-mg\\\/#primaryimage\"},\"image\":{\"@id\":\"https:\\\/\\\/einnalab.hu\\\/termek\\\/dupla-csomag-deer-placenta-2x-30-000-mg\\\/#primaryimage\"},\"thumbnailUrl\":\"https:\\\/\\\/einnalab.hu\\\/wp-content\\\/uploads\\\/2025\\\/07\\\/deer-placenta-uj-formula-dupla-csomag-1.png\",\"datePublished\":\"2025-07-21T12:55:08+00:00\",\"dateModified\":\"2026-04-01T07:07:03+00:00\",\"description\":\"\u0150ssejt kapszula: seg\u00edt visszaford\u00edtani az \u00f6reged\u00e9si folyamatot, emellett az \u0151ssejt\u00a0a t\u00e1panyagok \u00e9s n\u00f6veked\u00e9si faktorok gazdag forr\u00e1sa.\",\"breadcrumb\":{\"@id\":\"https:\\\/\\\/einnalab.hu\\\/termek\\\/dupla-csomag-deer-placenta-2x-30-000-mg\\\/#breadcrumb\"},\"inLanguage\":\"de\",\"potentialAction\":[{\"@type\":\"ReadAction\",\"target\":[\"https:\\\/\\\/einnalab.hu\\\/termek\\\/dupla-csomag-deer-placenta-2x-30-000-mg\\\/\"]}]},{\"@type\":\"ImageObject\",\"inLanguage\":\"de\",\"@id\":\"https:\\\/\\\/einnalab.hu\\\/termek\\\/dupla-csomag-deer-placenta-2x-30-000-mg\\\/#primaryimage\",\"url\":\"https:\\\/\\\/einnalab.hu\\\/wp-content\\\/uploads\\\/2025\\\/07\\\/deer-placenta-uj-formula-dupla-csomag-1.png\",\"contentUrl\":\"https:\\\/\\\/einnalab.hu\\\/wp-content\\\/uploads\\\/2025\\\/07\\\/deer-placenta-uj-formula-dupla-csomag-1.png\",\"width\":1200,\"height\":1200},{\"@type\":\"BreadcrumbList\",\"@id\":\"https:\\\/\\\/einnalab.hu\\\/termek\\\/dupla-csomag-deer-placenta-2x-30-000-mg\\\/#breadcrumb\",\"itemListElement\":[{\"@type\":\"ListItem\",\"position\":1,\"name\":\"Kezd\u0151lap\",\"item\":\"https:\\\/\\\/einnalab.hu\\\/\"},{\"@type\":\"ListItem\",\"position\":2,\"name\":\"Shop\",\"item\":\"https:\\\/\\\/einnalab.hu\\\/shop\\\/\"},{\"@type\":\"ListItem\",\"position\":3,\"name\":\"Dupla csomag Deer Placenta 2x 30.000 mg\"}]},{\"@type\":\"WebSite\",\"@id\":\"https:\\\/\\\/einnalab.hu\\\/#website\",\"url\":\"https:\\\/\\\/einnalab.hu\\\/\",\"name\":\"EINNALAB\",\"description\":\"\",\"publisher\":{\"@id\":\"https:\\\/\\\/einnalab.hu\\\/#organization\"},\"potentialAction\":[{\"@type\":\"SearchAction\",\"target\":{\"@type\":\"EntryPoint\",\"urlTemplate\":\"https:\\\/\\\/einnalab.hu\\\/?s={search_term_string}\"},\"query-input\":{\"@type\":\"PropertyValueSpecification\",\"valueRequired\":true,\"valueName\":\"search_term_string\"}}],\"inLanguage\":\"de\"},{\"@type\":\"Organization\",\"@id\":\"https:\\\/\\\/einnalab.hu\\\/#organization\",\"name\":\"EINNALAB\",\"url\":\"https:\\\/\\\/einnalab.hu\\\/\",\"logo\":{\"@type\":\"ImageObject\",\"inLanguage\":\"de\",\"@id\":\"https:\\\/\\\/einnalab.hu\\\/#\\\/schema\\\/logo\\\/image\\\/\",\"url\":\"https:\\\/\\\/einnalab.hu\\\/wp-content\\\/uploads\\\/2023\\\/03\\\/cropped-einnalab-logo-feher.png\",\"contentUrl\":\"https:\\\/\\\/einnalab.hu\\\/wp-content\\\/uploads\\\/2023\\\/03\\\/cropped-einnalab-logo-feher.png\",\"width\":2911,\"height\":969,\"caption\":\"EINNALAB\"},\"image\":{\"@id\":\"https:\\\/\\\/einnalab.hu\\\/#\\\/schema\\\/logo\\\/image\\\/\"}}]}<\/script>\n<!-- \/ Yoast SEO plugin. -->","yoast_head_json":{"title":"\u0150ssejt kapszula - Dupla csomag Deer Placenta 2x 30.000 mg","description":"\u0150ssejt kapszula: seg\u00edt visszaford\u00edtani az \u00f6reged\u00e9si folyamatot, emellett az \u0151ssejt\u00a0a t\u00e1panyagok \u00e9s n\u00f6veked\u00e9si faktorok gazdag forr\u00e1sa.","robots":{"index":"index","follow":"follow","max-snippet":"max-snippet:-1","max-image-preview":"max-image-preview:large","max-video-preview":"max-video-preview:-1"},"canonical":"https:\/\/einnalab.hu\/de\/produkt\/dupla-csomag-deer-placenta-2x-30-000-mg\/","og_locale":"de_DE","og_type":"article","og_title":"\u0150ssejt kapszula - Dupla csomag Deer Placenta 2x 30.000 mg","og_description":"\u0150ssejt kapszula: seg\u00edt visszaford\u00edtani az \u00f6reged\u00e9si folyamatot, emellett az \u0151ssejt\u00a0a t\u00e1panyagok \u00e9s n\u00f6veked\u00e9si faktorok gazdag forr\u00e1sa.","og_url":"https:\/\/einnalab.hu\/de\/produkt\/dupla-csomag-deer-placenta-2x-30-000-mg\/","og_site_name":"EINNALAB","article_modified_time":"2026-04-01T07:07:03+00:00","og_image":[{"width":1200,"height":1200,"url":"https:\/\/einnalab.hu\/wp-content\/uploads\/2025\/07\/deer-placenta-uj-formula-dupla-csomag-1.png","type":"image\/png"}],"twitter_card":"summary_large_image","twitter_misc":{"Gesch\u00e4tzte Lesezeit":"6\u00a0Minuten"},"schema":{"@context":"https:\/\/schema.org","@graph":[{"@type":"WebPage","@id":"https:\/\/einnalab.hu\/termek\/dupla-csomag-deer-placenta-2x-30-000-mg\/","url":"https:\/\/einnalab.hu\/termek\/dupla-csomag-deer-placenta-2x-30-000-mg\/","name":"\u0150ssejt kapszula - Dupla csomag Deer Placenta 2x 30.000 mg","isPartOf":{"@id":"https:\/\/einnalab.hu\/#website"},"primaryImageOfPage":{"@id":"https:\/\/einnalab.hu\/termek\/dupla-csomag-deer-placenta-2x-30-000-mg\/#primaryimage"},"image":{"@id":"https:\/\/einnalab.hu\/termek\/dupla-csomag-deer-placenta-2x-30-000-mg\/#primaryimage"},"thumbnailUrl":"https:\/\/einnalab.hu\/wp-content\/uploads\/2025\/07\/deer-placenta-uj-formula-dupla-csomag-1.png","datePublished":"2025-07-21T12:55:08+00:00","dateModified":"2026-04-01T07:07:03+00:00","description":"\u0150ssejt kapszula: seg\u00edt visszaford\u00edtani az \u00f6reged\u00e9si folyamatot, emellett az \u0151ssejt\u00a0a t\u00e1panyagok \u00e9s n\u00f6veked\u00e9si faktorok gazdag forr\u00e1sa.","breadcrumb":{"@id":"https:\/\/einnalab.hu\/termek\/dupla-csomag-deer-placenta-2x-30-000-mg\/#breadcrumb"},"inLanguage":"de","potentialAction":[{"@type":"ReadAction","target":["https:\/\/einnalab.hu\/termek\/dupla-csomag-deer-placenta-2x-30-000-mg\/"]}]},{"@type":"ImageObject","inLanguage":"de","@id":"https:\/\/einnalab.hu\/termek\/dupla-csomag-deer-placenta-2x-30-000-mg\/#primaryimage","url":"https:\/\/einnalab.hu\/wp-content\/uploads\/2025\/07\/deer-placenta-uj-formula-dupla-csomag-1.png","contentUrl":"https:\/\/einnalab.hu\/wp-content\/uploads\/2025\/07\/deer-placenta-uj-formula-dupla-csomag-1.png","width":1200,"height":1200},{"@type":"BreadcrumbList","@id":"https:\/\/einnalab.hu\/termek\/dupla-csomag-deer-placenta-2x-30-000-mg\/#breadcrumb","itemListElement":[{"@type":"ListItem","position":1,"name":"Kezd\u0151lap","item":"https:\/\/einnalab.hu\/"},{"@type":"ListItem","position":2,"name":"Shop","item":"https:\/\/einnalab.hu\/shop\/"},{"@type":"ListItem","position":3,"name":"Dupla csomag Deer Placenta 2x 30.000 mg"}]},{"@type":"WebSite","@id":"https:\/\/einnalab.hu\/#website","url":"https:\/\/einnalab.hu\/","name":"EINNALAB","description":"","publisher":{"@id":"https:\/\/einnalab.hu\/#organization"},"potentialAction":[{"@type":"SearchAction","target":{"@type":"EntryPoint","urlTemplate":"https:\/\/einnalab.hu\/?s={search_term_string}"},"query-input":{"@type":"PropertyValueSpecification","valueRequired":true,"valueName":"search_term_string"}}],"inLanguage":"de"},{"@type":"Organization","@id":"https:\/\/einnalab.hu\/#organization","name":"EINNALAB","url":"https:\/\/einnalab.hu\/","logo":{"@type":"ImageObject","inLanguage":"de","@id":"https:\/\/einnalab.hu\/#\/schema\/logo\/image\/","url":"https:\/\/einnalab.hu\/wp-content\/uploads\/2023\/03\/cropped-einnalab-logo-feher.png","contentUrl":"https:\/\/einnalab.hu\/wp-content\/uploads\/2023\/03\/cropped-einnalab-logo-feher.png","width":2911,"height":969,"caption":"EINNALAB"},"image":{"@id":"https:\/\/einnalab.hu\/#\/schema\/logo\/image\/"}}]}},"_links":{"self":[{"href":"https:\/\/einnalab.hu\/de\/wp-json\/wp\/v2\/product\/4033","targetHints":{"allow":["GET"]}}],"collection":[{"href":"https:\/\/einnalab.hu\/de\/wp-json\/wp\/v2\/product"}],"about":[{"href":"https:\/\/einnalab.hu\/de\/wp-json\/wp\/v2\/types\/product"}],"replies":[{"embeddable":true,"href":"https:\/\/einnalab.hu\/de\/wp-json\/wp\/v2\/comments?post=4033"}],"wp:featuredmedia":[{"embeddable":true,"href":"https:\/\/einnalab.hu\/de\/wp-json\/wp\/v2\/media\/4020"}],"wp:attachment":[{"href":"https:\/\/einnalab.hu\/de\/wp-json\/wp\/v2\/media?parent=4033"}],"wp:term":[{"taxonomy":"product_brand","embeddable":true,"href":"https:\/\/einnalab.hu\/de\/wp-json\/wp\/v2\/product_brand?post=4033"},{"taxonomy":"product_cat","embeddable":true,"href":"https:\/\/einnalab.hu\/de\/wp-json\/wp\/v2\/product_cat?post=4033"},{"taxonomy":"product_tag","embeddable":true,"href":"https:\/\/einnalab.hu\/de\/wp-json\/wp\/v2\/product_tag?post=4033"}],"curies":[{"name":"wp","href":"https:\/\/api.w.org\/{rel}","templated":true}]}}